{"id":1401,"date":"2023-10-23T22:26:43","date_gmt":"2023-10-23T22:26:43","guid":{"rendered":"https:\/\/webredox.net\/demo\/wp\/patara\/?page_id=1401"},"modified":"2025-08-30T01:11:44","modified_gmt":"2025-08-30T01:11:44","slug":"contact","status":"publish","type":"page","link":"https:\/\/reddingtonbyjvte.com\/en\/contact\/","title":{"rendered":"Contact"},"content":{"rendered":"<div data-elementor-type=\"wp-page\" data-elementor-id=\"1401\" class=\"elementor elementor-1401\">\n\t\t\t\t<div class=\"elementor-element elementor-element-7382885b e-con-full e-flex e-con e-parent\" data-id=\"7382885b\" data-element_type=\"container\" data-settings=\"{&quot;background_background&quot;:&quot;classic&quot;}\">\n\t\t\t\t<div class=\"elementor-element elementor-element-6de1e63e elementor-widget elementor-widget-patara-banner-image\" data-id=\"6de1e63e\" data-element_type=\"widget\" data-widget_type=\"patara-banner-image.default\">\n\t\t\t\t<div class=\"elementor-widget-container\">\n\t\t\t\t\t\t\t\n\t<!-- Header Banner -->\n\t<header class=\"header\">\n\n\t\t\t\t<div class=\"banner-header full-height valign bg-img bg-fixed text-center\" data-overlay-dark=\"5\" data-background=\"https:\/\/reddingtonbyjvte.com\/wp-content\/uploads\/2025\/08\/XM-160-1.jpg\">\n\t\t\t\t\t\t\t\t\t\t\t\t<div class=\"container\">\n\t\t\t\t\t<div class=\"row\">\n\t\t\t\t\t\t<div class=\"col-md-12 offset-0\">\n\t\t\t\t\t\t\t<div class=\"caption\">\n\n\t\t\t\t\t\t\t\t\t\t\t\t\t\t\t\t\n\t\t\t\t\t\t\t\t\n\t\t\t\t\t\t\t\t\t\t\t\t\t\t\t\t<h4 class=\"pt-slider-title1-class\">REDDINGTON BY JVTE<\/h4>\n\t\t\t\t\t\t\t\t\t\t\t\t\t\t\t\t\t\t\t\t\t\t\t\t<h1 class=\"pt-slider-title2-class\">CONTACT<\/h1>\n\t\t\t\t\t\t\t\t\t\t\t\t\t\t\t\t\t\t\t\t\t\t\t<\/div>\t\t\t\t\t\t\n\t\t\t\t\t\t<\/div>\t\t\t\t\t\t\n\t\t\t\t\t<\/div>\n\t\t\t\t<\/div>\n\t\t\t\t\t\t\t\t<!-- button scroll -->\n\t\t\t\t<a href=\"#contact\" data-scroll-nav=\"1\" class=\"mouse smoothscroll\">\n\t\t\t\t\t<span class=\"mouse-icon\">\n\t\t\t\t\t\t<span class=\"mouse-wheel\"><\/span>\n\t\t\t\t\t<\/span>\n\t\t\t\t<\/a>\t\n\t\t\t\t\t\t\t\t\t\n\t\t\t\t\t\t\n        <\/div>\t\t\t\n\t<\/header>\t\t\n\t\t\t\n    \t\t\t\t<\/div>\n\t\t\t\t<\/div>\n\t\t\t\t<\/div>\n\t\t<div class=\"elementor-element elementor-element-9334538 e-flex e-con-boxed e-con e-parent\" data-id=\"9334538\" data-element_type=\"container\" id=\"contact\" data-settings=\"{&quot;background_background&quot;:&quot;classic&quot;}\">\n\t\t\t\t\t<div class=\"e-con-inner\">\n\t\t<div class=\"elementor-element elementor-element-1808a932 e-con-full e-flex e-con e-child\" data-id=\"1808a932\" data-element_type=\"container\">\n\t\t\t\t<div class=\"elementor-element elementor-element-175bdc2d elementor-widget elementor-widget-patara-title\" data-id=\"175bdc2d\" data-element_type=\"widget\" data-widget_type=\"patara-title.default\">\n\t\t\t\t<div class=\"elementor-widget-container\">\n\t\t\t\t\t\t\t\n\t\t\n\t\t\t\t\t\t\t\n\t\t\t<h4 class=\"section-title black text-left\">Contact<\/h4>\t\t\t\t\n\t\t\t<div class=\"section-text text-left black\"><p><p>A question, a personalized request, or a reservation? Our team is here for you.<\/p><\/p><\/div>\n        \n\t\t\t\n        \t\t\t\t<\/div>\n\t\t\t\t<\/div>\n\t\t<div class=\"elementor-element elementor-element-39f4d8a7 e-con-full e-flex e-con e-child\" data-id=\"39f4d8a7\" data-element_type=\"container\">\n\t\t<div class=\"elementor-element elementor-element-72defd92 e-con-full e-flex e-con e-child\" data-id=\"72defd92\" data-element_type=\"container\">\n\t\t\t\t<div class=\"elementor-element elementor-element-97de103 elementor-widget elementor-widget-patara-contact\" data-id=\"97de103\" data-element_type=\"widget\" data-widget_type=\"patara-contact.default\">\n\t\t\t\t<div class=\"elementor-widget-container\">\n\t\t\t\t\t        \t\t\n\t\t\n\t\t<div class=\"sec-contact-info sec-reservations\">\n\t\t    \n\t\t\t\t\t\t\n\t\t\t\t\t\t\t\t\t                        <div class=\"reservations mb-15\">\t\n \t\t\t\t\t\t    <div class=\"icon\">\n\t\t\t\t\t\t\t\t\t\t\n\t\t\t\t\t\t\t\t\t<span class=\"flaticon-call\"><\/span>\n\t\t\t\t\t\t\t\t\t\t\t\t\t\t\t\t\n\t\t\t\t\t\t\t<\/div>\n\t\t\t\t\t\t\t<div class=\"text\">\n\t\t\t\t\t\t        <p>T\u00e9l\u00e9phone<\/p> <a href=\"tel:+237 6 97 10 89 52\">+237 6 97 10 89 52<\/a>\n\t\t\t\t\t\t   <\/div>\n\t\t\t\t\t\t<\/div>\n\t\t\t\t\t\t \n\n\t\t\t\t\t\t\t\t\t\t\n                        <div class=\"reservations mb-15\">\t\n \t\t\t\t\t\t    <div class=\"icon\">\n\t\t\t\t\t\t\t\t\t\n\t\t\t\t\t\t\t\t\t<span class=\"flaticon-envelope\"><\/span>\n\t\t\t\t\t\t\t\t\t\t\t\t\t\t\t\t\n\t\t\t\t\t\t\t<\/div>\n\t\t\t\t\t\t\t<div class=\"text\">\n\t\t\t\t\t\t        <p>Email :<\/p> <a href=\"mailto:contact@reddigntonbyjvte.com\">contact@reddigntonbyjvte.com<\/a>\n\t\t\t\t\t\t   <\/div>\n\t\t\t\t\t\t<\/div>\n\t\t\t\t\t\t \n\n\t\t\t\t\t\t\t\t\t                        <div class=\"reservations mb-15\">\t\n \t\t\t\t\t\t    <div class=\"icon\">\n\t\t\t\t\t\t\t\t\t\n\t\t\t\t\t\t\t\t\t<span class=\"flaticon-location-pin\"><\/span>\n\t\t\t\t\t\t\t\t\t\t\t\t\t\t\t\t\n\t\t\t\t\t\t\t<\/div>\n\t\t\t\t\t\t\t<div class=\"text\">\n\t\t\t\t\t\t        <p>Adresse<\/p> <a href=\"#\" target=\"_self\" rel=\"noopener noreferrer\">Face Grand Mall, N3, Douala, Cameroun<\/a>\n\t\t\t\t\t\t   <\/div>\n\t\t\t\t\t\t<\/div>\t\t\t\t\t\t\t\t\t\t\t\n\t\t\t\t\t\t \n\n\t\t\t\t\t\t\t\t\n        <\/div>\t\t\n\n        \t\t\t\t<\/div>\n\t\t\t\t<\/div>\n\t\t\t\t<\/div>\n\t\t<div class=\"elementor-element elementor-element-47cfeeff e-con-full e-flex e-con e-child\" data-id=\"47cfeeff\" data-element_type=\"container\">\n\t\t\t\t<div class=\"elementor-element elementor-element-4830588 elementor-widget elementor-widget-patara-title\" data-id=\"4830588\" data-element_type=\"widget\" data-widget_type=\"patara-title.default\">\n\t\t\t\t<div class=\"elementor-widget-container\">\n\t\t\t\t\t\t\t\n\t\t            \t\t\t<h3 class=\"section-title2 text-left\">Contact form:<\/h3>\n\t\t\t\t\t\t\t\n\t\t\n\t\t\t\n        \t\t\t\t<\/div>\n\t\t\t\t<\/div>\n\t\t\t\t<div class=\"elementor-element elementor-element-e3a516e elementor-widget elementor-widget-patara-form\" data-id=\"e3a516e\" data-element_type=\"widget\" data-widget_type=\"patara-form.default\">\n\t\t\t\t<div class=\"elementor-widget-container\">\n\t\t\t\t\t\t\t\n\t\t<div class=\"sec-contact-form\">\t\t\t\n\t\t\t<div class=\"clearfix contact__form vc_template\">\t\t\n\t\t\t\t<style id=\"wpforms-css-vars-2594\">\n\t\t\t\t#wpforms-2594 {\n\t\t\t\t--wpforms-container-padding: 0px;\n--wpforms-container-border-width: 1px;\n--wpforms-container-border-radius: 3px;\n--wpforms-background-color: rgba(0, 0, 0, 0);\n--wpforms-field-size-input-height: 43px;\n--wpforms-field-size-input-spacing: 15px;\n--wpforms-field-size-font-size: 16px;\n--wpforms-field-size-line-height: 19px;\n--wpforms-field-size-padding-h: 14px;\n--wpforms-field-size-checkbox-size: 16px;\n--wpforms-field-size-sublabel-spacing: 5px;\n--wpforms-field-size-icon-size: 1;\n--wpforms-label-size-font-size: 16px;\n--wpforms-label-size-line-height: 19px;\n--wpforms-label-size-sublabel-font-size: 14px;\n--wpforms-label-size-sublabel-line-height: 17px;\n--wpforms-button-size-font-size: 17px;\n--wpforms-button-size-height: 41px;\n--wpforms-button-size-padding-h: 15px;\n--wpforms-button-size-margin-top: 10px;\n--wpforms-container-shadow-size-box-shadow: none;\n\n\t\t\t}\n\t\t\t<\/style><div class=\"wpforms-container wpforms-container-full wpforms-render-modern\" id=\"wpforms-2594\"><form id=\"wpforms-form-2594\" class=\"wpforms-validate wpforms-form wpforms-ajax-form\" data-formid=\"2594\" method=\"post\" enctype=\"multipart\/form-data\" action=\"\/en\/wp-json\/wp\/v2\/pages\/1401\" data-token=\"cee7c0b97b41b9715c1eac0b161c6d83\" data-token-time=\"1777019654\" data-trp-original-action=\"\/en\/wp-json\/wp\/v2\/pages\/1401\"><noscript class=\"wpforms-error-noscript\">Please enable JavaScript in your browser to complete this form.<\/noscript><div id=\"wpforms-error-noscript\" style=\"display: none;\">Please enable JavaScript in your browser to complete this form.<\/div><div class=\"wpforms-field-container\">\t\t<div id=\"wpforms-2594-field_5-container\"\n\t\t\tclass=\"wpforms-field wpforms-field-text\"\n\t\t\tdata-field-type=\"text\"\n\t\t\tdata-field-id=\"5\"\n\t\t\t>\n\t\t\t<label class=\"wpforms-field-label\" for=\"wpforms-2594-field_5\" >Email Nom :<\/label>\n\t\t\t<input type=\"text\" id=\"wpforms-2594-field_5\" class=\"wpforms-field-medium\" name=\"wpforms[fields][5]\" >\n\t\t<\/div>\n\t\t<div id=\"wpforms-2594-field_1-container\" class=\"wpforms-field wpforms-field-name\" data-field-id=\"1\"><fieldset><legend class=\"wpforms-field-label\">Name <span class=\"wpforms-required-label\" aria-hidden=\"true\">*<\/span><\/legend><div class=\"wpforms-field-row wpforms-field-medium\"><div class=\"wpforms-field-row-block wpforms-first wpforms-one-half\"><input type=\"text\" id=\"wpforms-2594-field_1\" class=\"wpforms-field-name-first wpforms-field-required\" name=\"wpforms[fields][1][first]\" aria-errormessage=\"wpforms-2594-field_1-error\" required><label for=\"wpforms-2594-field_1\" class=\"wpforms-field-sublabel after\">First<\/label><\/div><div class=\"wpforms-field-row-block wpforms-one-half\"><input type=\"text\" id=\"wpforms-2594-field_1-last\" class=\"wpforms-field-name-last wpforms-field-required\" name=\"wpforms[fields][1][last]\" aria-errormessage=\"wpforms-2594-field_1-last-error\" required><label for=\"wpforms-2594-field_1-last\" class=\"wpforms-field-sublabel after\">Last<\/label><\/div><\/div><\/fieldset><\/div><div id=\"wpforms-2594-field_2-container\" class=\"wpforms-field wpforms-field-email\" data-field-id=\"2\"><label class=\"wpforms-field-label\" for=\"wpforms-2594-field_2\">Email <span class=\"wpforms-required-label\" aria-hidden=\"true\">*<\/span><\/label><input type=\"email\" id=\"wpforms-2594-field_2\" class=\"wpforms-field-medium wpforms-field-required\" name=\"wpforms[fields][2]\" spellcheck=\"false\" aria-errormessage=\"wpforms-2594-field_2-error\" required><\/div><div id=\"wpforms-2594-field_4-container\" class=\"wpforms-field wpforms-field-number\" data-field-id=\"4\"><label class=\"wpforms-field-label\" for=\"wpforms-2594-field_4\">Phone <span class=\"wpforms-required-label\" aria-hidden=\"true\">*<\/span><\/label><input type=\"number\" id=\"wpforms-2594-field_4\" class=\"wpforms-field-medium wpforms-field-required\" name=\"wpforms[fields][4]\" step=\"any\" aria-errormessage=\"wpforms-2594-field_4-error\" required><\/div><div id=\"wpforms-2594-field_3-container\" class=\"wpforms-field wpforms-field-textarea\" data-field-id=\"3\"><label class=\"wpforms-field-label\" for=\"wpforms-2594-field_3\">Message :<\/label><textarea id=\"wpforms-2594-field_3\" class=\"wpforms-field-medium\" name=\"wpforms[fields][3]\" aria-errormessage=\"wpforms-2594-field_3-error\" ><\/textarea><\/div><script>\n\t\t\t\t( function() {\n\t\t\t\t\tconst style = document.createElement( 'style' );\n\t\t\t\t\tstyle.appendChild( document.createTextNode( '#wpforms-2594-field_5-container { position: absolute !important; overflow: hidden !important; display: inline !important; height: 1px !important; width: 1px !important; z-index: -1000 !important; padding: 0 !important; } #wpforms-2594-field_5-container input { visibility: hidden; } #wpforms-conversational-form-page #wpforms-2594-field_5-container label { counter-increment: none; }' ) );\n\t\t\t\t\tdocument.head.appendChild( style );\n\t\t\t\t\tdocument.currentScript?.remove();\n\t\t\t\t} )();\n\t\t\t<\/script><\/div><!-- .wpforms-field-container --><div class=\"wpforms-submit-container\" ><input type=\"hidden\" name=\"wpforms[id]\" value=\"2594\"><input type=\"hidden\" name=\"page_title\" value=\"\"><input type=\"hidden\" name=\"page_url\" value=\"https:\/\/reddingtonbyjvte.com\/en\/wp-json\/wp\/v2\/pages\/1401\"><input type=\"hidden\" name=\"url_referer\" value=\"\"><button type=\"submit\" name=\"wpforms[submit]\" id=\"wpforms-submit-2594\" class=\"wpforms-submit\" data-alt-text=\"Envoi...\" data-submit-text=\"Envoyer\" aria-live=\"assertive\" value=\"wpforms-submit\">Send<\/button><img decoding=\"async\" src=\"https:\/\/reddingtonbyjvte.com\/wp-content\/plugins\/wpforms-lite\/assets\/images\/submit-spin.svg\" class=\"wpforms-submit-spinner\" style=\"display: none;\" width=\"26\" height=\"26\" alt=\"Loading\"><\/div><input type=\"hidden\" name=\"trp-form-language\" value=\"en\"\/><\/form><\/div>  <!-- .wpforms-container -->\t\t\t\t<\/div>\t\t\t\t\t\n\t\t<\/div>\t\n\t\t\n        \t\t\t\t<\/div>\n\t\t\t\t<\/div>\n\t\t\t\t<\/div>\n\t\t\t\t<\/div>\n\t\t\t\t<\/div>\n\t\t\t\t\t<\/div>\n\t\t\t\t<\/div>\n\t\t<div class=\"elementor-element elementor-element-62dbd4e e-flex e-con-boxed e-con e-parent\" data-id=\"62dbd4e\" data-element_type=\"container\">\n\t\t\t\t\t<div class=\"e-con-inner\">\n\t\t\t\t<div class=\"elementor-element elementor-element-e543bae elementor-widget elementor-widget-patara-title\" data-id=\"e543bae\" data-element_type=\"widget\" data-widget_type=\"patara-title.default\">\n\t\t\t\t<div class=\"elementor-widget-container\">\n\t\t\t\t\t\t\t\n\t\t\n\t\t\t\t\t\t\t\n\t\t\t<h4 class=\"section-title black text-center\">Frequently Asked Questions:<\/h4>\t\t\t\t\n\t\t\t\n        \n\t\t\t\n        \t\t\t\t<\/div>\n\t\t\t\t<\/div>\n\t\t\t\t<div class=\"elementor-element elementor-element-6d62f86 elementor-widget elementor-widget-patara-accordion-box\" data-id=\"6d62f86\" data-element_type=\"widget\" data-widget_type=\"patara-accordion-box.default\">\n\t\t\t\t<div class=\"elementor-widget-container\">\n\t\t\t\t\t\n\t\t<div class=\"sec-accordion\">\n\t\t\t<ul class=\"accordion-box clearfix\">\n\t\t\t\t\t\t\t\t\n\t\t\t\t\t<li class=\"accordion block\">\n\t\t\t\t\t\t                            <div class=\"acc-btn\">\n                                1. Can I book for a long stay (several weeks or months)?                            <\/div>\t\t\t\t\t\t\n\t\t\t\t\t\t\t\n\t\t\t\t\t\t                            <div class=\"acc-content\">\n                                <div class=\"content\">\n                                    <div class=\"text\"><p>Yes. Our apartments and studios are perfectly suited for long stays, with preferential rates available upon request. Please feel free to contact us for a personalized offer.<\/p><\/div>\n                                <\/div>\n                            <\/div>\t\t\t\t\t\t\t\t\t\t\t\t\t\n\t\t\t\t\t\t\t\t\t\t\t\t\t\t\t\t\t\n\t\t\t\t\t<\/li>\n\t\t\t\t\t\t\t\t\n\t\t\t\t\t<li class=\"accordion block\">\n\t\t\t\t\t\t                            <div class=\"acc-btn\">\n                                2. Is housekeeping included during the stay?                            <\/div>\t\t\t\t\t\t\n\t\t\t\t\t\t\t\n\t\t\t\t\t\t                            <div class=\"acc-content\">\n                                <div class=\"content\">\n                                    <div class=\"text\"><p>A premium housekeeping service is provided regularly, with the option of additional cleanings upon request.<\/p><\/div>\n                                <\/div>\n                            <\/div>\t\t\t\t\t\t\t\t\t\t\t\t\t\n\t\t\t\t\t\t\t\t\t\t\t\t\t\t\t\t\t\n\t\t\t\t\t<\/li>\n\t\t\t\t\t\t\t\t\n\t\t\t\t\t<li class=\"accordion block\">\n\t\t\t\t\t\t                            <div class=\"acc-btn\">\n                                3. Is there a security service on site?                            <\/div>\t\t\t\t\t\t\n\t\t\t\t\t\t\t\n\t\t\t\t\t\t                            <div class=\"acc-content\">\n                                <div class=\"content\">\n                                    <div class=\"text\"><p>Yes. The building is secured 24\/7 with on-site personnel, surveillance cameras, and regular patrols. An ideal setting for travelers seeking discretion.<\/p><\/div>\n                                <\/div>\n                            <\/div>\t\t\t\t\t\t\t\t\t\t\t\t\t\n\t\t\t\t\t\t\t\t\t\t\t\t\t\t\t\t\t\n\t\t\t\t\t<\/li>\n\t\t\t\t\t\t\t\t\n\t\t\t\t\t<li class=\"accordion block\">\n\t\t\t\t\t\t                            <div class=\"acc-btn\">\n                                4. Can I work remotely during my stay?                            <\/div>\t\t\t\t\t\t\n\t\t\t\t\t\t\t\n\t\t\t\t\t\t                            <div class=\"acc-content\">\n                                <div class=\"content\">\n                                    <div class=\"text\"><p data-start=\"711\" data-end=\"885\">Yes. All our accommodations feature fast and stable Wi-Fi, a dedicated workspace, and an atmosphere conducive to focus. Perfect for business or hybrid stays.<\/p><hr data-start=\"887\" data-end=\"890\" \/><h3 data-start=\"892\" data-end=\"956\">\u00a0<\/h3><\/div>\n                                <\/div>\n                            <\/div>\t\t\t\t\t\t\t\t\t\t\t\t\t\n\t\t\t\t\t\t\t\t\t\t\t\t\t\t\t\t\t\n\t\t\t\t\t<\/li>\n\t\t\t\t\t\t\t\t\n\t\t\t\t\t<li class=\"accordion block\">\n\t\t\t\t\t\t                            <div class=\"acc-btn\">\n                                5. Are there shops or restaurants nearby?                            <\/div>\t\t\t\t\t\t\n\t\t\t\t\t\t\t\n\t\t\t\t\t\t                            <div class=\"acc-content\">\n                                <div class=\"content\">\n                                    <div class=\"text\"><p data-start=\"711\" data-end=\"885\">The Reddington is located just steps away from the Douala Grand Mall, where you will find restaurants, shops, supermarkets, and essential services.<\/p><\/div>\n                                <\/div>\n                            <\/div>\t\t\t\t\t\t\t\t\t\t\t\t\t\n\t\t\t\t\t\t\t\t\t\t\t\t\t\t\t\t\t\n\t\t\t\t\t<\/li>\n\t\t\t\t\t\t\t\t\n\t\t\t\t\t<li class=\"accordion block\">\n\t\t\t\t\t\t                            <div class=\"acc-btn\">\n                                6. Can I book without going through a platform?                            <\/div>\t\t\t\t\t\t\n\t\t\t\t\t\t\t\n\t\t\t\t\t\t                            <div class=\"acc-content\">\n                                <div class=\"content\">\n                                    <div class=\"text\"><p data-start=\"711\" data-end=\"885\">Yes. You can book directly on our website via the form, or contact us privately for a tailored reservation.<\/p><\/div>\n                                <\/div>\n                            <\/div>\t\t\t\t\t\t\t\t\t\t\t\t\t\n\t\t\t\t\t\t\t\t\t\t\t\t\t\t\t\t\t\n\t\t\t\t\t<\/li>\n\t\t\t\t\t\n\t    \t<\/ul>\t\t\n\t\t<\/div>\t\t\n\n        \t\t\t\t<\/div>\n\t\t\t\t<\/div>\n\t\t\t\t\t<\/div>\n\t\t\t\t<\/div>\n\t\t<div class=\"elementor-element elementor-element-e413ec3 e-con-full e-flex e-con e-parent\" data-id=\"e413ec3\" data-element_type=\"container\">\n\t\t<div class=\"elementor-element elementor-element-253c0a0 e-flex e-con-boxed e-con e-child\" data-id=\"253c0a0\" data-element_type=\"container\">\n\t\t\t\t\t<div class=\"e-con-inner\">\n\t\t\t\t<div class=\"elementor-element elementor-element-342e6f6 elementor-widget elementor-widget-patara-title\" data-id=\"342e6f6\" data-element_type=\"widget\" data-widget_type=\"patara-title.default\">\n\t\t\t\t<div class=\"elementor-widget-container\">\n\t\t\t\t\t\t\t\n\t\t\n\t\t\t\t\t\t\t\n\t\t\t<h4 class=\"section-title black text-center\">Find us:<\/h4>\t\t\t\t\n\t\t\t\n        \n\t\t\t\n        \t\t\t\t<\/div>\n\t\t\t\t<\/div>\n\t\t\t\t\t<\/div>\n\t\t\t\t<\/div>\n\t\t\t\t<div class=\"elementor-element elementor-element-a65d962 elementor-widget elementor-widget-shortcode\" data-id=\"a65d962\" data-element_type=\"widget\" data-widget_type=\"shortcode.default\">\n\t\t\t\t\t\t\t<div class=\"elementor-shortcode\"><iframe src=\"https:\/\/www.google.com\/maps\/embed?pb=!1m18!1m12!1m3!1d20741.32807935017!2d9.698107715379809!3d4.019892444368026!2m3!1f0!2f0!3f0!3m2!1i1024!2i768!4f13.1!3m3!1m2!1s0x1061132c4b12a625%3A0x293270a8c223cf1f!2sREDDINGTON%20by%20jvTE!5e0!3m2!1sfr!2sfr!4v1754524012878!5m2!1sfr!2sfr\" width=\"800\" height=\"600\" style=\"border:0;\" allowfullscreen=\"\" loading=\"lazy\" referrerpolicy=\"no-referrer-when-downgrade\"><\/iframe><\/div>\n\t\t\t\t\t\t<\/div>\n\t\t\t\t<\/div>\n\t\t<div class=\"elementor-element elementor-element-3d05865 e-con-full e-flex e-con e-parent\" data-id=\"3d05865\" data-element_type=\"container\">\n\t\t<div class=\"elementor-element elementor-element-5f5b0df e-flex e-con-boxed e-con e-child\" data-id=\"5f5b0df\" data-element_type=\"container\" data-settings=\"{&quot;background_background&quot;:&quot;classic&quot;}\">\n\t\t\t\t\t<div class=\"e-con-inner\">\n\t\t\t\t<div class=\"elementor-element elementor-element-5bf0733 elementor-widget elementor-widget-patara-title\" data-id=\"5bf0733\" data-element_type=\"widget\" data-widget_type=\"patara-title.default\">\n\t\t\t\t<div class=\"elementor-widget-container\">\n\t\t\t\t\t\t\t\n\t\t\n\t\t\t\t\t\t\t\n\t\t\t<h4 class=\"section-title white text-left\">Ready for the Reddington experience?<\/h4>\t\t\t\t\n\t\t\t<div class=\"section-text text-left white\"><p><p>Book now, see availability :<\/p><\/p><\/div>\n        \n\t\t\t\n        \t\t\t\t<\/div>\n\t\t\t\t<\/div>\n\t\t\t\t<div class=\"elementor-element elementor-element-99d1d53 elementor-widget elementor-widget-patara-room-search\" data-id=\"99d1d53\" data-element_type=\"widget\" data-widget_type=\"patara-room-search.default\">\n\t\t\t\t<div class=\"elementor-widget-container\">\n\t\t\t\t\t\t\t\n\t\t\t<div class=\"booking-inner clearfix\">\n    <form action=\"https:\/\/reddingtonbyjvte.com\/en\/\" class=\"form1 clearfix\" data-trp-original-action=\"https:\/\/reddingtonbyjvte.com\/en\/\">\n        <div class=\"col1 c1\">\n\t\t\t<input type=\"hidden\" name=\"s\" value=\"\" \/>\n            <div class=\"input1_wrapper border-l border-b border-t border-r\">\n                <label>Check In<\/label>\n                <div class=\"input1_inner\">\n                    <input name=\"room_checkin_ids\" type=\"text\" class=\"form-control input datepicker\" placeholder=\"Check In\" autocomplete=\"off\" data-rn-cl-months='[\"January\",\"February\",\"March\",\"April\",\"May\", \"June\",\"July\",\"August\",\"September\",\"October\",\"November\",\"December\"]' data-rn-cl-date='[\"Su\",\"Mo\",\"Tu\",\"We\",\"Th\",\"Fr\",\"Sa\"]' data-rn-start-date=\"1\">\n                <\/div>\n            <\/div>\n        <\/div>\n        <div class=\"col1 c2\">\n            <div class=\"input1_wrapper border-l border-b border-t border-r\">\n                <label>Check out<\/label>\n                    <div class=\"input1_inner\">\n                        <input name=\"room_checkout_ids\" type=\"text\" class=\"form-control input datepicker\" placeholder=\"Check out\" autocomplete=\"off\" data-rn-cl-months='[\"January\",\"February\",\"March\",\"April\",\"May\", \"June\",\"July\",\"August\",\"September\",\"October\",\"November\",\"December\"]' data-rn-cl-date='[\"Su\",\"Mo\",\"Tu\",\"We\",\"Th\",\"Fr\",\"Sa\"]' data-rn-start-date=\"1\">\n                    <\/div>\n            <\/div>\n        <\/div>\t\t        <div class=\"col2 c3\">\n            <div class=\"select1_wrapper border-l border-b border-t border-r\">\n                <label>Adult<\/label>\n                <div class=\"select1_inner\">\n                    <select name=\"room_adult_ids\" class=\"select2 select\" style=\"width: 100%\" >\n                        <option value=\"0\">Adult<\/option>\n                        \t\t\t\t\t\t<option value=\"30\">1 Adult<\/option>\n\t\t\t\t\t\t\t\t\t\t\t\t<option value=\"33\">2 Adults<\/option>\n\t\t\t\t\t\t\t\t\t\t\t\t<option value=\"36\">3 Adults<\/option>\n\t\t\t\t\t\t\t\t\t\t\t\t<option value=\"39\">4 Adults<\/option>\n\t\t\t\t\t\t                    <\/select>\n                <\/div>\n            <\/div>\n        <\/div>\n\t\t\t\t        <div class=\"col2 c4\">\n            <div class=\"select1_wrapper border-l border-b border-t  border-r\">\n                <label>Children<\/label>\n                <div class=\"select1_inner\">\n                    <select name=\"room_children_ids\" class=\"select2 select\" style=\"width: 100%\" >\n                        <option value=\"0\">Children<\/option>\n                        \t\t\t\t\t\t<option value=\"31\">1 enfant<\/option>\n\t\t\t\t\t\t\t\t\t\t\t\t<option value=\"34\">2 Childrens<\/option>\n\t\t\t\t\t\t\t\t\t\t\t\t<option value=\"37\">3 Children<\/option>\n\t\t\t\t\t\t\t\t\t\t\t\t<option value=\"40\">4 Children<\/option>\n\t\t\t\t\t\t                    <\/select>\n                <\/div>\n            <\/div>\n        <\/div>\n\t\t\t\t        <div class=\"col2 c5\">\n            <div class=\"select1_wrapper border-l border-b border-t  border-r\">\n                <label>Room<\/label>\n                <div class=\"select1_inner\">\n                    <select class=\"select2 select\" style=\"width: 100%\" >\n                        <option value=\"0\">Room<\/option>\n                        \t\t\t\t\t\t<option value=\"32\">1 Room<\/option>\n\t\t\t\t\t\t\t\t\t\t\t\t<option value=\"35\">2 Rooms<\/option>\n\t\t\t\t\t\t\t\t\t\t\t\t<option value=\"38\">3 Rooms<\/option>\n\t\t\t\t\t\t\t\t\t\t\t\t<option value=\"41\">4 Rooms<\/option>\n\t\t\t\t\t\t                    <\/select>\n                <\/div>\n            <\/div>\n        <\/div>\n\t\t        <div class=\"col3 c6\">\n            <input type=\"hidden\" name=\"post_type\" value=\"product\" \/>\n            <button type=\"submit\" class=\"btn-form1-submit\">Check Now<\/button>\n        <\/div>\n    <input type=\"hidden\" name=\"trp-form-language\" value=\"en\"\/><\/form>\n<\/div>\n\t\t\n    \t\t\t\t<\/div>\n\t\t\t\t<\/div>\n\t\t\t\t\t<\/div>\n\t\t\t\t<\/div>\n\t\t\t\t<\/div>\n\t\t\t\t<\/div>","protected":false},"excerpt":{"rendered":"<p>REDDINGTON BY JVTE CONTACT Contact Une question, une demande personnalis\u00e9e ou une r\u00e9servation ? Notre \u00e9quipe est \u00e0 votre \u00e9coute. T\u00e9l\u00e9phone +237 6 97 10 89 52 Email : contact@reddigntonbyjvte.com Adresse Face Grand Mall, N3, Douala, Cameroun Formulaire de contact : Please enable JavaScript in your browser to complete this form.Please enable JavaScript in your browser to complete this form.<\/p>","protected":false},"author":1,"featured_media":0,"parent":0,"menu_order":0,"comment_status":"closed","ping_status":"closed","template":"","meta":{"footnotes":"","_links_to":"","_links_to_target":""},"class_list":["post-1401","page","type-page","status-publish","hentry"],"_links":{"self":[{"href":"https:\/\/reddingtonbyjvte.com\/en\/wp-json\/wp\/v2\/pages\/1401","targetHints":{"allow":["GET"]}}],"collection":[{"href":"https:\/\/reddingtonbyjvte.com\/en\/wp-json\/wp\/v2\/pages"}],"about":[{"href":"https:\/\/reddingtonbyjvte.com\/en\/wp-json\/wp\/v2\/types\/page"}],"author":[{"embeddable":true,"href":"https:\/\/reddingtonbyjvte.com\/en\/wp-json\/wp\/v2\/users\/1"}],"replies":[{"embeddable":true,"href":"https:\/\/reddingtonbyjvte.com\/en\/wp-json\/wp\/v2\/comments?post=1401"}],"version-history":[{"count":45,"href":"https:\/\/reddingtonbyjvte.com\/en\/wp-json\/wp\/v2\/pages\/1401\/revisions"}],"predecessor-version":[{"id":3137,"href":"https:\/\/reddingtonbyjvte.com\/en\/wp-json\/wp\/v2\/pages\/1401\/revisions\/3137"}],"wp:attachment":[{"href":"https:\/\/reddingtonbyjvte.com\/en\/wp-json\/wp\/v2\/media?parent=1401"}],"curies":[{"name":"wp","href":"https:\/\/api.w.org\/{rel}","templated":true}]}}