{"id":2671,"date":"2025-08-07T05:43:01","date_gmt":"2025-08-07T05:43:01","guid":{"rendered":"https:\/\/reddingtonbyjvte.com\/?page_id=2671"},"modified":"2025-08-27T17:01:17","modified_gmt":"2025-08-27T17:01:17","slug":"appartement-prestige","status":"publish","type":"page","link":"https:\/\/reddingtonbyjvte.com\/en\/appartement-prestige\/","title":{"rendered":"Appartement Pr\u00e9stige"},"content":{"rendered":"<div data-elementor-type=\"wp-page\" data-elementor-id=\"2671\" class=\"elementor elementor-2671\">\n\t\t\t\t<div class=\"elementor-element elementor-element-9141ae4 e-con-full e-flex e-con e-parent\" data-id=\"9141ae4\" data-element_type=\"container\" data-settings=\"{&quot;background_background&quot;:&quot;classic&quot;}\">\n\t\t\t\t<div class=\"elementor-element elementor-element-d2d3626 elementor-widget elementor-widget-patara-banner-image\" data-id=\"d2d3626\" data-element_type=\"widget\" data-widget_type=\"patara-banner-image.default\">\n\t\t\t\t<div class=\"elementor-widget-container\">\n\t\t\t\t\t\t\t\n\t<!-- Header Banner -->\n\t<header class=\"header\">\n\n\t\t\t\t<div class=\"banner-header full-height valign bg-img bg-fixed text-center\" data-overlay-dark=\"5\" data-background=\"https:\/\/reddingtonbyjvte.com\/wp-content\/uploads\/2025\/08\/XM-185-2.jpg\">\n\t\t\t\t\t\t\t\t\t\t\t\t<div class=\"container\">\n\t\t\t\t\t<div class=\"row\">\n\t\t\t\t\t\t<div class=\"col-md-12 offset-0\">\n\t\t\t\t\t\t\t<div class=\"caption\">\n\n\t\t\t\t\t\t\t\t\t\t\t\t\t\t\t\t\n\t\t\t\t\t\t\t\t\n\t\t\t\t\t\t\t\t\t\t\t\t\t\t\t\t\t\t\t\t\t\t\t\t<h1 class=\"pt-slider-title2-class\">Appartement Prestige\u200b<\/h1>\n\t\t\t\t\t\t\t\t\t\t\t\t\t\t\t\t\t\t\t\t\t\t\t<\/div>\t\t\t\t\t\t\n\t\t\t\t\t\t<\/div>\t\t\t\t\t\t\n\t\t\t\t\t<\/div>\n\t\t\t\t<\/div>\n\t\t\t\t\t\t\t\t<!-- button scroll -->\n\t\t\t\t<a href=\"#sc-room\" data-scroll-nav=\"1\" class=\"mouse smoothscroll\">\n\t\t\t\t\t<span class=\"mouse-icon\">\n\t\t\t\t\t\t<span class=\"mouse-wheel\"><\/span>\n\t\t\t\t\t<\/span>\n\t\t\t\t<\/a>\t\n\t\t\t\t\t\t\t\t\t\n\t\t\t\t\t\t\n        <\/div>\t\t\t\n\t<\/header>\t\t\n\t\t\t\n    \t\t\t\t<\/div>\n\t\t\t\t<\/div>\n\t\t\t\t<\/div>\n\t\t<div class=\"elementor-element elementor-element-11441f9 e-flex e-con-boxed e-con e-parent\" data-id=\"11441f9\" data-element_type=\"container\">\n\t\t\t\t\t<div class=\"e-con-inner\">\n\t\t<div class=\"elementor-element elementor-element-4a00462 e-flex e-con-boxed e-con e-child\" data-id=\"4a00462\" data-element_type=\"container\">\n\t\t\t\t\t<div class=\"e-con-inner\">\n\t\t\t\t<div class=\"elementor-element elementor-element-9f11f77 elementor-widget elementor-widget-rating\" data-id=\"9f11f77\" data-element_type=\"widget\" data-widget_type=\"rating.default\">\n\t\t\t\t\t\t\t<div class=\"e-rating\" itemtype=\"https:\/\/schema.org\/Rating\" itemscope=\"\" itemprop=\"reviewRating\">\n\t\t\t<meta itemprop=\"worstRating\" content=\"0\">\n\t\t\t<meta itemprop=\"bestRating\" content=\"5\">\n\t\t\t<div class=\"e-rating-wrapper\" itemprop=\"ratingValue\" content=\"5\" role=\"img\" aria-label=\"Not\u00e9 5 sur 5\">\n\t\t\t\t\t\t\t<div class=\"e-icon\">\n\t\t\t\t<div class=\"e-icon-wrapper e-icon-marked\">\n\t\t\t\t\t<svg aria-hidden=\"true\" class=\"e-font-icon-svg e-eicon-star\" viewbox=\"0 0 1000 1000\" xmlns=\"http:\/\/www.w3.org\/2000\/svg\"><path d=\"M450 75L338 312 88 350C46 354 25 417 58 450L238 633 196 896C188 942 238 975 275 954L500 837 725 954C767 975 813 942 804 896L763 633 942 450C975 417 954 358 913 350L663 312 550 75C529 33 471 33 450 75Z\"><\/path><\/svg>\t\t\t\t<\/div>\n\t\t\t\t<div class=\"e-icon-wrapper e-icon-unmarked\">\n\t\t\t\t\t<svg aria-hidden=\"true\" class=\"e-font-icon-svg e-eicon-star\" viewbox=\"0 0 1000 1000\" xmlns=\"http:\/\/www.w3.org\/2000\/svg\"><path d=\"M450 75L338 312 88 350C46 354 25 417 58 450L238 633 196 896C188 942 238 975 275 954L500 837 725 954C767 975 813 942 804 896L763 633 942 450C975 417 954 358 913 350L663 312 550 75C529 33 471 33 450 75Z\"><\/path><\/svg>\t\t\t\t<\/div>\n\t\t\t<\/div>\n\t\t\t\t\t\t<div class=\"e-icon\">\n\t\t\t\t<div class=\"e-icon-wrapper e-icon-marked\">\n\t\t\t\t\t<svg aria-hidden=\"true\" class=\"e-font-icon-svg e-eicon-star\" viewbox=\"0 0 1000 1000\" xmlns=\"http:\/\/www.w3.org\/2000\/svg\"><path d=\"M450 75L338 312 88 350C46 354 25 417 58 450L238 633 196 896C188 942 238 975 275 954L500 837 725 954C767 975 813 942 804 896L763 633 942 450C975 417 954 358 913 350L663 312 550 75C529 33 471 33 450 75Z\"><\/path><\/svg>\t\t\t\t<\/div>\n\t\t\t\t<div class=\"e-icon-wrapper e-icon-unmarked\">\n\t\t\t\t\t<svg aria-hidden=\"true\" class=\"e-font-icon-svg e-eicon-star\" viewbox=\"0 0 1000 1000\" xmlns=\"http:\/\/www.w3.org\/2000\/svg\"><path d=\"M450 75L338 312 88 350C46 354 25 417 58 450L238 633 196 896C188 942 238 975 275 954L500 837 725 954C767 975 813 942 804 896L763 633 942 450C975 417 954 358 913 350L663 312 550 75C529 33 471 33 450 75Z\"><\/path><\/svg>\t\t\t\t<\/div>\n\t\t\t<\/div>\n\t\t\t\t\t\t<div class=\"e-icon\">\n\t\t\t\t<div class=\"e-icon-wrapper e-icon-marked\">\n\t\t\t\t\t<svg aria-hidden=\"true\" class=\"e-font-icon-svg e-eicon-star\" viewbox=\"0 0 1000 1000\" xmlns=\"http:\/\/www.w3.org\/2000\/svg\"><path d=\"M450 75L338 312 88 350C46 354 25 417 58 450L238 633 196 896C188 942 238 975 275 954L500 837 725 954C767 975 813 942 804 896L763 633 942 450C975 417 954 358 913 350L663 312 550 75C529 33 471 33 450 75Z\"><\/path><\/svg>\t\t\t\t<\/div>\n\t\t\t\t<div class=\"e-icon-wrapper e-icon-unmarked\">\n\t\t\t\t\t<svg aria-hidden=\"true\" class=\"e-font-icon-svg e-eicon-star\" viewbox=\"0 0 1000 1000\" xmlns=\"http:\/\/www.w3.org\/2000\/svg\"><path d=\"M450 75L338 312 88 350C46 354 25 417 58 450L238 633 196 896C188 942 238 975 275 954L500 837 725 954C767 975 813 942 804 896L763 633 942 450C975 417 954 358 913 350L663 312 550 75C529 33 471 33 450 75Z\"><\/path><\/svg>\t\t\t\t<\/div>\n\t\t\t<\/div>\n\t\t\t\t\t\t<div class=\"e-icon\">\n\t\t\t\t<div class=\"e-icon-wrapper e-icon-marked\">\n\t\t\t\t\t<svg aria-hidden=\"true\" class=\"e-font-icon-svg e-eicon-star\" viewbox=\"0 0 1000 1000\" xmlns=\"http:\/\/www.w3.org\/2000\/svg\"><path d=\"M450 75L338 312 88 350C46 354 25 417 58 450L238 633 196 896C188 942 238 975 275 954L500 837 725 954C767 975 813 942 804 896L763 633 942 450C975 417 954 358 913 350L663 312 550 75C529 33 471 33 450 75Z\"><\/path><\/svg>\t\t\t\t<\/div>\n\t\t\t\t<div class=\"e-icon-wrapper e-icon-unmarked\">\n\t\t\t\t\t<svg aria-hidden=\"true\" class=\"e-font-icon-svg e-eicon-star\" viewbox=\"0 0 1000 1000\" xmlns=\"http:\/\/www.w3.org\/2000\/svg\"><path d=\"M450 75L338 312 88 350C46 354 25 417 58 450L238 633 196 896C188 942 238 975 275 954L500 837 725 954C767 975 813 942 804 896L763 633 942 450C975 417 954 358 913 350L663 312 550 75C529 33 471 33 450 75Z\"><\/path><\/svg>\t\t\t\t<\/div>\n\t\t\t<\/div>\n\t\t\t\t\t\t<div class=\"e-icon\">\n\t\t\t\t<div class=\"e-icon-wrapper e-icon-marked\">\n\t\t\t\t\t<svg aria-hidden=\"true\" class=\"e-font-icon-svg e-eicon-star\" viewbox=\"0 0 1000 1000\" xmlns=\"http:\/\/www.w3.org\/2000\/svg\"><path d=\"M450 75L338 312 88 350C46 354 25 417 58 450L238 633 196 896C188 942 238 975 275 954L500 837 725 954C767 975 813 942 804 896L763 633 942 450C975 417 954 358 913 350L663 312 550 75C529 33 471 33 450 75Z\"><\/path><\/svg>\t\t\t\t<\/div>\n\t\t\t\t<div class=\"e-icon-wrapper e-icon-unmarked\">\n\t\t\t\t\t<svg aria-hidden=\"true\" class=\"e-font-icon-svg e-eicon-star\" viewbox=\"0 0 1000 1000\" xmlns=\"http:\/\/www.w3.org\/2000\/svg\"><path d=\"M450 75L338 312 88 350C46 354 25 417 58 450L238 633 196 896C188 942 238 975 275 954L500 837 725 954C767 975 813 942 804 896L763 633 942 450C975 417 954 358 913 350L663 312 550 75C529 33 471 33 450 75Z\"><\/path><\/svg>\t\t\t\t<\/div>\n\t\t\t<\/div>\n\t\t\t\t\t\t<\/div>\n\t\t<\/div>\n\t\t\t\t\t\t<\/div>\n\t\t\t\t<div class=\"elementor-element elementor-element-6cb9a96 elementor-widget elementor-widget-text-editor\" data-id=\"6cb9a96\" data-element_type=\"widget\" data-widget_type=\"text-editor.default\">\n\t\t\t\t\t\t\t\t\t<h4 class=\"section-title black text-left\">Appartement Prestige\u200b<\/h4>\t\t\t\t\t\t\t\t<\/div>\n\t\t\t\t<div class=\"elementor-element elementor-element-50260d1 elementor-widget elementor-widget-image-gallery\" data-id=\"50260d1\" data-element_type=\"widget\" data-widget_type=\"image-gallery.default\">\n\t\t\t\t\t\t\t<div class=\"elementor-image-gallery\">\n\t\t\t\n\t\t<style type=\"text\/css\">\n\t\t\t#gallery-1 {\n\t\t\t\tmargin: auto;\n\t\t\t}\n\t\t\t#gallery-1 .gallery-item {\n\t\t\t\tfloat: left;\n\t\t\t\tmargin-top: 10px;\n\t\t\t\ttext-align: center;\n\t\t\t\twidth: 33%;\n\t\t\t}\n\t\t\t#gallery-1 img {\n\t\t\t\tborder: 2px solid #cfcfcf;\n\t\t\t}\n\t\t\t#gallery-1 .gallery-caption {\n\t\t\t\tmargin-left: 0;\n\t\t\t}\n\t\t\t\/* see gallery_shortcode() in wp-includes\/media.php *\/\n\t\t<\/style>\n\t\t<div id='gallery-1' class='gallery galleryid-2671 gallery-columns-3 gallery-size-medium'><dl class='gallery-item'>\n\t\t\t<dt class='gallery-icon landscape'>\n\t\t\t\t<a data-elementor-open-lightbox=\"yes\" data-elementor-lightbox-slideshow=\"50260d1\" data-elementor-lightbox-title=\"XM 185\" data-e-action-hash=\"#elementor-action%3Aaction%3Dlightbox%26settings%3DeyJpZCI6MjczOCwidXJsIjoiaHR0cHM6XC9cL3JlZGRpbmd0b25ieWp2dGUuY29tXC93cC1jb250ZW50XC91cGxvYWRzXC8yMDI1XC8wOFwvWE0tMTg1LTMuanBnIiwic2xpZGVzaG93IjoiNTAyNjBkMSJ9\" href='https:\/\/reddingtonbyjvte.com\/wp-content\/uploads\/2025\/08\/XM-185-3.jpg'><img fetchpriority=\"high\" decoding=\"async\" width=\"300\" height=\"200\" src=\"https:\/\/reddingtonbyjvte.com\/wp-content\/uploads\/2025\/08\/XM-185-3-300x200.jpg\" class=\"attachment-medium size-medium\" alt=\"\" srcset=\"https:\/\/reddingtonbyjvte.com\/wp-content\/uploads\/2025\/08\/XM-185-3-300x200.jpg 300w, https:\/\/reddingtonbyjvte.com\/wp-content\/uploads\/2025\/08\/XM-185-3-1024x682.jpg 1024w, https:\/\/reddingtonbyjvte.com\/wp-content\/uploads\/2025\/08\/XM-185-3-768x512.jpg 768w, https:\/\/reddingtonbyjvte.com\/wp-content\/uploads\/2025\/08\/XM-185-3-540x360.jpg 540w, https:\/\/reddingtonbyjvte.com\/wp-content\/uploads\/2025\/08\/XM-185-3.jpg 1481w\" sizes=\"(max-width: 300px) 100vw, 300px\" \/><\/a>\n\t\t\t<\/dt><\/dl><dl class='gallery-item'>\n\t\t\t<dt class='gallery-icon landscape'>\n\t\t\t\t<a data-elementor-open-lightbox=\"yes\" data-elementor-lightbox-slideshow=\"50260d1\" data-elementor-lightbox-title=\"WhatsApp Image 2025-08-23 at 15.55.59 (1) - Copie\" data-e-action-hash=\"#elementor-action%3Aaction%3Dlightbox%26settings%3DeyJpZCI6Mjg4MSwidXJsIjoiaHR0cHM6XC9cL3JlZGRpbmd0b25ieWp2dGUuY29tXC93cC1jb250ZW50XC91cGxvYWRzXC8yMDI1XC8wOFwvV2hhdHNBcHAtSW1hZ2UtMjAyNS0wOC0yMy1hdC0xNS41NS41OS0xLUNvcGllLmpwZWciLCJzbGlkZXNob3ciOiI1MDI2MGQxIn0%3D\" href='https:\/\/reddingtonbyjvte.com\/wp-content\/uploads\/2025\/08\/WhatsApp-Image-2025-08-23-at-15.55.59-1-Copie.jpeg'><img decoding=\"async\" width=\"300\" height=\"214\" src=\"https:\/\/reddingtonbyjvte.com\/wp-content\/uploads\/2025\/08\/WhatsApp-Image-2025-08-23-at-15.55.59-1-Copie-300x214.jpeg\" class=\"attachment-medium size-medium\" alt=\"\" srcset=\"https:\/\/reddingtonbyjvte.com\/wp-content\/uploads\/2025\/08\/WhatsApp-Image-2025-08-23-at-15.55.59-1-Copie-300x214.jpeg 300w, https:\/\/reddingtonbyjvte.com\/wp-content\/uploads\/2025\/08\/WhatsApp-Image-2025-08-23-at-15.55.59-1-Copie-1024x731.jpeg 1024w, https:\/\/reddingtonbyjvte.com\/wp-content\/uploads\/2025\/08\/WhatsApp-Image-2025-08-23-at-15.55.59-1-Copie-768x548.jpeg 768w, https:\/\/reddingtonbyjvte.com\/wp-content\/uploads\/2025\/08\/WhatsApp-Image-2025-08-23-at-15.55.59-1-Copie.jpeg 1080w\" sizes=\"(max-width: 300px) 100vw, 300px\" \/><\/a>\n\t\t\t<\/dt><\/dl><dl class='gallery-item'>\n\t\t\t<dt class='gallery-icon landscape'>\n\t\t\t\t<a data-elementor-open-lightbox=\"yes\" data-elementor-lightbox-slideshow=\"50260d1\" data-elementor-lightbox-title=\"WhatsApp Image 2025-08-23 at 15.55.59 (9)\" data-e-action-hash=\"#elementor-action%3Aaction%3Dlightbox%26settings%3DeyJpZCI6Mjg4NSwidXJsIjoiaHR0cHM6XC9cL3JlZGRpbmd0b25ieWp2dGUuY29tXC93cC1jb250ZW50XC91cGxvYWRzXC8yMDI1XC8wOFwvV2hhdHNBcHAtSW1hZ2UtMjAyNS0wOC0yMy1hdC0xNS41NS41OS05LmpwZWciLCJzbGlkZXNob3ciOiI1MDI2MGQxIn0%3D\" href='https:\/\/reddingtonbyjvte.com\/wp-content\/uploads\/2025\/08\/WhatsApp-Image-2025-08-23-at-15.55.59-9.jpeg'><img decoding=\"async\" width=\"300\" height=\"200\" src=\"https:\/\/reddingtonbyjvte.com\/wp-content\/uploads\/2025\/08\/WhatsApp-Image-2025-08-23-at-15.55.59-9-300x200.jpeg\" class=\"attachment-medium size-medium\" alt=\"\" srcset=\"https:\/\/reddingtonbyjvte.com\/wp-content\/uploads\/2025\/08\/WhatsApp-Image-2025-08-23-at-15.55.59-9-300x200.jpeg 300w, https:\/\/reddingtonbyjvte.com\/wp-content\/uploads\/2025\/08\/WhatsApp-Image-2025-08-23-at-15.55.59-9-1024x683.jpeg 1024w, https:\/\/reddingtonbyjvte.com\/wp-content\/uploads\/2025\/08\/WhatsApp-Image-2025-08-23-at-15.55.59-9-768x512.jpeg 768w, https:\/\/reddingtonbyjvte.com\/wp-content\/uploads\/2025\/08\/WhatsApp-Image-2025-08-23-at-15.55.59-9-540x360.jpeg 540w, https:\/\/reddingtonbyjvte.com\/wp-content\/uploads\/2025\/08\/WhatsApp-Image-2025-08-23-at-15.55.59-9.jpeg 1080w\" sizes=\"(max-width: 300px) 100vw, 300px\" \/><\/a>\n\t\t\t<\/dt><\/dl><br style=\"clear: both\" \/><dl class='gallery-item'>\n\t\t\t<dt class='gallery-icon portrait'>\n\t\t\t\t<a data-elementor-open-lightbox=\"yes\" data-elementor-lightbox-slideshow=\"50260d1\" data-elementor-lightbox-title=\"WhatsApp Image 2025-08-23 at 15.55.59 (2)\" data-e-action-hash=\"#elementor-action%3Aaction%3Dlightbox%26settings%3DeyJpZCI6Mjg4MiwidXJsIjoiaHR0cHM6XC9cL3JlZGRpbmd0b25ieWp2dGUuY29tXC93cC1jb250ZW50XC91cGxvYWRzXC8yMDI1XC8wOFwvV2hhdHNBcHAtSW1hZ2UtMjAyNS0wOC0yMy1hdC0xNS41NS41OS0yLmpwZWciLCJzbGlkZXNob3ciOiI1MDI2MGQxIn0%3D\" href='https:\/\/reddingtonbyjvte.com\/wp-content\/uploads\/2025\/08\/WhatsApp-Image-2025-08-23-at-15.55.59-2.jpeg'><img loading=\"lazy\" decoding=\"async\" width=\"214\" height=\"300\" src=\"https:\/\/reddingtonbyjvte.com\/wp-content\/uploads\/2025\/08\/WhatsApp-Image-2025-08-23-at-15.55.59-2-214x300.jpeg\" class=\"attachment-medium size-medium\" alt=\"\" srcset=\"https:\/\/reddingtonbyjvte.com\/wp-content\/uploads\/2025\/08\/WhatsApp-Image-2025-08-23-at-15.55.59-2-214x300.jpeg 214w, https:\/\/reddingtonbyjvte.com\/wp-content\/uploads\/2025\/08\/WhatsApp-Image-2025-08-23-at-15.55.59-2-731x1024.jpeg 731w, https:\/\/reddingtonbyjvte.com\/wp-content\/uploads\/2025\/08\/WhatsApp-Image-2025-08-23-at-15.55.59-2-768x1076.jpeg 768w, https:\/\/reddingtonbyjvte.com\/wp-content\/uploads\/2025\/08\/WhatsApp-Image-2025-08-23-at-15.55.59-2.jpeg 771w\" sizes=\"(max-width: 214px) 100vw, 214px\" \/><\/a>\n\t\t\t<\/dt><\/dl><dl class='gallery-item'>\n\t\t\t<dt class='gallery-icon portrait'>\n\t\t\t\t<a data-elementor-open-lightbox=\"yes\" data-elementor-lightbox-slideshow=\"50260d1\" data-elementor-lightbox-title=\"WhatsApp Image 2025-08-23 at 15.55.59 (4)\" data-e-action-hash=\"#elementor-action%3Aaction%3Dlightbox%26settings%3DeyJpZCI6Mjg4MywidXJsIjoiaHR0cHM6XC9cL3JlZGRpbmd0b25ieWp2dGUuY29tXC93cC1jb250ZW50XC91cGxvYWRzXC8yMDI1XC8wOFwvV2hhdHNBcHAtSW1hZ2UtMjAyNS0wOC0yMy1hdC0xNS41NS41OS00LmpwZWciLCJzbGlkZXNob3ciOiI1MDI2MGQxIn0%3D\" href='https:\/\/reddingtonbyjvte.com\/wp-content\/uploads\/2025\/08\/WhatsApp-Image-2025-08-23-at-15.55.59-4.jpeg'><img loading=\"lazy\" decoding=\"async\" width=\"214\" height=\"300\" src=\"https:\/\/reddingtonbyjvte.com\/wp-content\/uploads\/2025\/08\/WhatsApp-Image-2025-08-23-at-15.55.59-4-214x300.jpeg\" class=\"attachment-medium size-medium\" alt=\"\" srcset=\"https:\/\/reddingtonbyjvte.com\/wp-content\/uploads\/2025\/08\/WhatsApp-Image-2025-08-23-at-15.55.59-4-214x300.jpeg 214w, https:\/\/reddingtonbyjvte.com\/wp-content\/uploads\/2025\/08\/WhatsApp-Image-2025-08-23-at-15.55.59-4-731x1024.jpeg 731w, https:\/\/reddingtonbyjvte.com\/wp-content\/uploads\/2025\/08\/WhatsApp-Image-2025-08-23-at-15.55.59-4-768x1076.jpeg 768w, https:\/\/reddingtonbyjvte.com\/wp-content\/uploads\/2025\/08\/WhatsApp-Image-2025-08-23-at-15.55.59-4.jpeg 771w\" sizes=\"(max-width: 214px) 100vw, 214px\" \/><\/a>\n\t\t\t<\/dt><\/dl><dl class='gallery-item'>\n\t\t\t<dt class='gallery-icon portrait'>\n\t\t\t\t<a data-elementor-open-lightbox=\"yes\" data-elementor-lightbox-slideshow=\"50260d1\" data-elementor-lightbox-title=\"WhatsApp Image 2025-08-23 at 15.55.59 (6)\" data-e-action-hash=\"#elementor-action%3Aaction%3Dlightbox%26settings%3DeyJpZCI6Mjg4NCwidXJsIjoiaHR0cHM6XC9cL3JlZGRpbmd0b25ieWp2dGUuY29tXC93cC1jb250ZW50XC91cGxvYWRzXC8yMDI1XC8wOFwvV2hhdHNBcHAtSW1hZ2UtMjAyNS0wOC0yMy1hdC0xNS41NS41OS02LmpwZWciLCJzbGlkZXNob3ciOiI1MDI2MGQxIn0%3D\" href='https:\/\/reddingtonbyjvte.com\/wp-content\/uploads\/2025\/08\/WhatsApp-Image-2025-08-23-at-15.55.59-6.jpeg'><img loading=\"lazy\" decoding=\"async\" width=\"214\" height=\"300\" src=\"https:\/\/reddingtonbyjvte.com\/wp-content\/uploads\/2025\/08\/WhatsApp-Image-2025-08-23-at-15.55.59-6-214x300.jpeg\" class=\"attachment-medium size-medium\" alt=\"\" srcset=\"https:\/\/reddingtonbyjvte.com\/wp-content\/uploads\/2025\/08\/WhatsApp-Image-2025-08-23-at-15.55.59-6-214x300.jpeg 214w, https:\/\/reddingtonbyjvte.com\/wp-content\/uploads\/2025\/08\/WhatsApp-Image-2025-08-23-at-15.55.59-6-731x1024.jpeg 731w, https:\/\/reddingtonbyjvte.com\/wp-content\/uploads\/2025\/08\/WhatsApp-Image-2025-08-23-at-15.55.59-6-768x1076.jpeg 768w, https:\/\/reddingtonbyjvte.com\/wp-content\/uploads\/2025\/08\/WhatsApp-Image-2025-08-23-at-15.55.59-6.jpeg 771w\" sizes=\"(max-width: 214px) 100vw, 214px\" \/><\/a>\n\t\t\t<\/dt><\/dl><br style=\"clear: both\" \/><dl class='gallery-item'>\n\t\t\t<dt class='gallery-icon landscape'>\n\t\t\t\t<a data-elementor-open-lightbox=\"yes\" data-elementor-lightbox-slideshow=\"50260d1\" data-elementor-lightbox-title=\"prestifge7\" data-e-action-hash=\"#elementor-action%3Aaction%3Dlightbox%26settings%3DeyJpZCI6Mjg4NywidXJsIjoiaHR0cHM6XC9cL3JlZGRpbmd0b25ieWp2dGUuY29tXC93cC1jb250ZW50XC91cGxvYWRzXC8yMDI1XC8wOFwvV2hhdHNBcHAtSW1hZ2UtMjAyNS0wOC0yMy1hdC0xNS41NS41OS0xMy1Db3BpZS5qcGVnIiwic2xpZGVzaG93IjoiNTAyNjBkMSJ9\" href='https:\/\/reddingtonbyjvte.com\/wp-content\/uploads\/2025\/08\/WhatsApp-Image-2025-08-23-at-15.55.59-13-Copie.jpeg'><img loading=\"lazy\" decoding=\"async\" width=\"300\" height=\"214\" src=\"https:\/\/reddingtonbyjvte.com\/wp-content\/uploads\/2025\/08\/WhatsApp-Image-2025-08-23-at-15.55.59-13-Copie-300x214.jpeg\" class=\"attachment-medium size-medium\" alt=\"\" srcset=\"https:\/\/reddingtonbyjvte.com\/wp-content\/uploads\/2025\/08\/WhatsApp-Image-2025-08-23-at-15.55.59-13-Copie-300x214.jpeg 300w, https:\/\/reddingtonbyjvte.com\/wp-content\/uploads\/2025\/08\/WhatsApp-Image-2025-08-23-at-15.55.59-13-Copie-1024x731.jpeg 1024w, https:\/\/reddingtonbyjvte.com\/wp-content\/uploads\/2025\/08\/WhatsApp-Image-2025-08-23-at-15.55.59-13-Copie-768x548.jpeg 768w, https:\/\/reddingtonbyjvte.com\/wp-content\/uploads\/2025\/08\/WhatsApp-Image-2025-08-23-at-15.55.59-13-Copie.jpeg 1080w\" sizes=\"(max-width: 300px) 100vw, 300px\" \/><\/a>\n\t\t\t<\/dt><\/dl><dl class='gallery-item'>\n\t\t\t<dt class='gallery-icon portrait'>\n\t\t\t\t<a data-elementor-open-lightbox=\"yes\" data-elementor-lightbox-slideshow=\"50260d1\" data-elementor-lightbox-title=\"WhatsApp Image 2025-08-23 at 15.55.59 (16)\" data-e-action-hash=\"#elementor-action%3Aaction%3Dlightbox%26settings%3DeyJpZCI6Mjg4OCwidXJsIjoiaHR0cHM6XC9cL3JlZGRpbmd0b25ieWp2dGUuY29tXC93cC1jb250ZW50XC91cGxvYWRzXC8yMDI1XC8wOFwvV2hhdHNBcHAtSW1hZ2UtMjAyNS0wOC0yMy1hdC0xNS41NS41OS0xNi5qcGVnIiwic2xpZGVzaG93IjoiNTAyNjBkMSJ9\" href='https:\/\/reddingtonbyjvte.com\/wp-content\/uploads\/2025\/08\/WhatsApp-Image-2025-08-23-at-15.55.59-16.jpeg'><img loading=\"lazy\" decoding=\"async\" width=\"214\" height=\"300\" src=\"https:\/\/reddingtonbyjvte.com\/wp-content\/uploads\/2025\/08\/WhatsApp-Image-2025-08-23-at-15.55.59-16-214x300.jpeg\" class=\"attachment-medium size-medium\" alt=\"\" srcset=\"https:\/\/reddingtonbyjvte.com\/wp-content\/uploads\/2025\/08\/WhatsApp-Image-2025-08-23-at-15.55.59-16-214x300.jpeg 214w, https:\/\/reddingtonbyjvte.com\/wp-content\/uploads\/2025\/08\/WhatsApp-Image-2025-08-23-at-15.55.59-16-731x1024.jpeg 731w, https:\/\/reddingtonbyjvte.com\/wp-content\/uploads\/2025\/08\/WhatsApp-Image-2025-08-23-at-15.55.59-16-768x1076.jpeg 768w, https:\/\/reddingtonbyjvte.com\/wp-content\/uploads\/2025\/08\/WhatsApp-Image-2025-08-23-at-15.55.59-16.jpeg 771w\" sizes=\"(max-width: 214px) 100vw, 214px\" \/><\/a>\n\t\t\t<\/dt><\/dl><dl class='gallery-item'>\n\t\t\t<dt class='gallery-icon portrait'>\n\t\t\t\t<a data-elementor-open-lightbox=\"yes\" data-elementor-lightbox-slideshow=\"50260d1\" data-elementor-lightbox-title=\"WhatsApp Image 2025-08-23 at 15.55.59\" data-e-action-hash=\"#elementor-action%3Aaction%3Dlightbox%26settings%3DeyJpZCI6Mjg4OSwidXJsIjoiaHR0cHM6XC9cL3JlZGRpbmd0b25ieWp2dGUuY29tXC93cC1jb250ZW50XC91cGxvYWRzXC8yMDI1XC8wOFwvV2hhdHNBcHAtSW1hZ2UtMjAyNS0wOC0yMy1hdC0xNS41NS41OS5qcGVnIiwic2xpZGVzaG93IjoiNTAyNjBkMSJ9\" href='https:\/\/reddingtonbyjvte.com\/wp-content\/uploads\/2025\/08\/WhatsApp-Image-2025-08-23-at-15.55.59.jpeg'><img loading=\"lazy\" decoding=\"async\" width=\"214\" height=\"300\" src=\"https:\/\/reddingtonbyjvte.com\/wp-content\/uploads\/2025\/08\/WhatsApp-Image-2025-08-23-at-15.55.59-214x300.jpeg\" class=\"attachment-medium size-medium\" alt=\"\" srcset=\"https:\/\/reddingtonbyjvte.com\/wp-content\/uploads\/2025\/08\/WhatsApp-Image-2025-08-23-at-15.55.59-214x300.jpeg 214w, https:\/\/reddingtonbyjvte.com\/wp-content\/uploads\/2025\/08\/WhatsApp-Image-2025-08-23-at-15.55.59-731x1024.jpeg 731w, https:\/\/reddingtonbyjvte.com\/wp-content\/uploads\/2025\/08\/WhatsApp-Image-2025-08-23-at-15.55.59-768x1076.jpeg 768w, https:\/\/reddingtonbyjvte.com\/wp-content\/uploads\/2025\/08\/WhatsApp-Image-2025-08-23-at-15.55.59.jpeg 771w\" sizes=\"(max-width: 214px) 100vw, 214px\" \/><\/a>\n\t\t\t<\/dt><\/dl><br style=\"clear: both\" \/>\n\t\t<\/div>\n\t\t<\/div>\n\t\t\t\t\t\t<\/div>\n\t\t\t\t<div class=\"elementor-element elementor-element-0125bbe elementor-widget elementor-widget-text-editor\" data-id=\"0125bbe\" data-element_type=\"widget\" data-widget_type=\"text-editor.default\">\n\t\t\t\t\t\t\t\t\t<h2><b><u>Book your stay in just a few clicks below:<\/u><\/b><\/h2>\t\t\t\t\t\t\t\t<\/div>\n\t\t\t\t<div class=\"elementor-element elementor-element-e4227c2 elementor-widget elementor-widget-shortcode\" data-id=\"e4227c2\" data-element_type=\"widget\" data-widget_type=\"shortcode.default\">\n\t\t\t\t\t\t\t<div class=\"elementor-shortcode\"><\/div>\n\t\t\t\t\t\t<\/div>\n\t\t\t\t<div class=\"elementor-element elementor-element-2ce325f elementor-widget elementor-widget-text-editor\" data-id=\"2ce325f\" data-element_type=\"widget\" data-widget_type=\"text-editor.default\">\n\t\t\t\t\t\t\t\t\t<div data-id=\"5aa574b9\" data-element_type=\"widget\" data-widget_type=\"patara-title.default\"><h2>Appartement Prestige\u200b<\/h2><\/div><div data-id=\"a4e1460\" data-element_type=\"widget\" data-widget_type=\"patara-text.default\"><p data-start=\"311\" data-end=\"652\">The most prestigious apartment at the Reddington. It offers generous space, an elegant living room, a bright bedroom with premium bedding, a fully equipped kitchen, and a contemporary bathroom.<br data-start=\"524\" data-end=\"527\" \/>Perfect for long stays, VIP guests, and professionals seeking a discreet and refined setting.<\/p><p data-start=\"311\" data-end=\"652\">Chambre principale 23.1 m<sup>2 <\/sup>And secondary bedroom 14.5 m\u00b2<sup>2<\/sup><\/p><p data-start=\"654\" data-end=\"673\">\u00a0<\/p><p data-start=\"654\" data-end=\"673\"><strong data-start=\"654\" data-end=\"671\">Amenities:<\/strong><\/p><ul data-start=\"674\" data-end=\"907\"><li data-start=\"674\" data-end=\"691\"><p data-start=\"676\" data-end=\"691\">Air conditioning<\/p><\/li><li data-start=\"692\" data-end=\"712\"><p data-start=\"694\" data-end=\"712\">High-speed Wi-Fi<\/p><\/li><li data-start=\"713\" data-end=\"730\"><p data-start=\"715\" data-end=\"730\">Flat-screen TV<\/p><\/li><li data-start=\"731\" data-end=\"812\"><p data-start=\"733\" data-end=\"812\">Full kitchen (refrigerator, microwave, utensils, stovetop)<\/p><\/li><li data-start=\"813\" data-end=\"835\"><p data-start=\"815\" data-end=\"835\">Terrace or balcony<\/p><\/li><li data-start=\"836\" data-end=\"858\"><p data-start=\"838\" data-end=\"858\">Pool access<\/p><\/li><li data-start=\"859\" data-end=\"879\"><p data-start=\"861\" data-end=\"879\">Secure parking<\/p><\/li><li data-start=\"880\" data-end=\"907\"><p data-start=\"882\" data-end=\"907\">24\/7 services access<\/p><\/li><\/ul><p data-start=\"909\" data-end=\"1030\"><strong data-start=\"909\" data-end=\"921\">Check-in<\/strong> From 2:00 PM (early check-in subject to availability)<\/p><p data-start=\"909\" data-end=\"1030\"><br data-start=\"976\" data-end=\"979\" \/><strong data-start=\"979\" data-end=\"992\">Check-out<\/strong> : avant 12h (d\u00e9part express possible)<\/p><p data-start=\"1032\" data-end=\"1134\"><strong data-start=\"1032\" data-end=\"1043\">Animaux<\/strong> : non autoris\u00e9s<\/p><p data-start=\"1032\" data-end=\"1134\"><br data-start=\"1059\" data-end=\"1062\" \/><strong data-start=\"1062\" data-end=\"1073\">Enfants<\/strong> Children welcome (extra beds available on request)<\/p><\/div>\t\t\t\t\t\t\t\t<\/div>\n\t\t\t\t\t<\/div>\n\t\t\t\t<\/div>\n\t\t\t\t\t<\/div>\n\t\t\t\t<\/div>\n\t\t\t\t<\/div>","protected":false},"excerpt":{"rendered":"<p>Appartement Prestige\u200b Appartement Prestige\u200b R\u00e9servez votre s\u00e9jour en quelques clics ci-dessous : Appartement Prestige\u200b L&#8217;appartement le plus prestigieux du Reddington. Il offre un espace g\u00e9n\u00e9reux, un salon \u00e9l\u00e9gant, une chambre lumineuse avec literie haut de gamme, une cuisine enti\u00e8rement \u00e9quip\u00e9e et une salle de bain contemporaine.Parfait pour les s\u00e9jours de longue dur\u00e9e, les clients VIP et les professionnels \u00e0 la<\/p>","protected":false},"author":1,"featured_media":0,"parent":0,"menu_order":0,"comment_status":"closed","ping_status":"closed","template":"","meta":{"footnotes":"","_links_to":"","_links_to_target":""},"class_list":["post-2671","page","type-page","status-publish","hentry"],"_links":{"self":[{"href":"https:\/\/reddingtonbyjvte.com\/en\/wp-json\/wp\/v2\/pages\/2671","targetHints":{"allow":["GET"]}}],"collection":[{"href":"https:\/\/reddingtonbyjvte.com\/en\/wp-json\/wp\/v2\/pages"}],"about":[{"href":"https:\/\/reddingtonbyjvte.com\/en\/wp-json\/wp\/v2\/types\/page"}],"author":[{"embeddable":true,"href":"https:\/\/reddingtonbyjvte.com\/en\/wp-json\/wp\/v2\/users\/1"}],"replies":[{"embeddable":true,"href":"https:\/\/reddingtonbyjvte.com\/en\/wp-json\/wp\/v2\/comments?post=2671"}],"version-history":[{"count":20,"href":"https:\/\/reddingtonbyjvte.com\/en\/wp-json\/wp\/v2\/pages\/2671\/revisions"}],"predecessor-version":[{"id":3089,"href":"https:\/\/reddingtonbyjvte.com\/en\/wp-json\/wp\/v2\/pages\/2671\/revisions\/3089"}],"wp:attachment":[{"href":"https:\/\/reddingtonbyjvte.com\/en\/wp-json\/wp\/v2\/media?parent=2671"}],"curies":[{"name":"wp","href":"https:\/\/api.w.org\/{rel}","templated":true}]}}