{"id":2681,"date":"2025-08-07T05:45:32","date_gmt":"2025-08-07T05:45:32","guid":{"rendered":"https:\/\/reddingtonbyjvte.com\/?page_id=2681"},"modified":"2025-08-27T17:01:51","modified_gmt":"2025-08-27T17:01:51","slug":"studio-roi","status":"publish","type":"page","link":"https:\/\/reddingtonbyjvte.com\/en\/studio-roi\/","title":{"rendered":"Studio Roi"},"content":{"rendered":"<div data-elementor-type=\"wp-page\" data-elementor-id=\"2681\" class=\"elementor elementor-2681\">\n\t\t\t\t<div class=\"elementor-element elementor-element-9141ae4 e-con-full e-flex e-con e-parent\" data-id=\"9141ae4\" data-element_type=\"container\" data-settings=\"{&quot;background_background&quot;:&quot;classic&quot;}\">\n\t\t\t\t<div class=\"elementor-element elementor-element-d2d3626 elementor-widget elementor-widget-patara-banner-image\" data-id=\"d2d3626\" data-element_type=\"widget\" data-widget_type=\"patara-banner-image.default\">\n\t\t\t\t<div class=\"elementor-widget-container\">\n\t\t\t\t\t\t\t\n\t<!-- Header Banner -->\n\t<header class=\"header\">\n\n\t\t\t\t<div class=\"banner-header full-height valign bg-img bg-fixed text-center\" data-overlay-dark=\"5\" data-background=\"https:\/\/reddingtonbyjvte.com\/wp-content\/uploads\/2025\/08\/XM-116.jpg\">\n\t\t\t\t\t\t\t\t\t\t\t\t<div class=\"container\">\n\t\t\t\t\t<div class=\"row\">\n\t\t\t\t\t\t<div class=\"col-md-12 offset-0\">\n\t\t\t\t\t\t\t<div class=\"caption\">\n\n\t\t\t\t\t\t\t\t\t\t\t\t\t\t\t\t\n\t\t\t\t\t\t\t\t\n\t\t\t\t\t\t\t\t\t\t\t\t\t\t\t\t\t\t\t\t\t\t\t\t<h1 class=\"pt-slider-title2-class\">Studio Roi<\/h1>\n\t\t\t\t\t\t\t\t\t\t\t\t\t\t\t\t\t\t\t\t\t\t\t<\/div>\t\t\t\t\t\t\n\t\t\t\t\t\t<\/div>\t\t\t\t\t\t\n\t\t\t\t\t<\/div>\n\t\t\t\t<\/div>\n\t\t\t\t\t\t\t\t<!-- button scroll -->\n\t\t\t\t<a href=\"#sc-room\" data-scroll-nav=\"1\" class=\"mouse smoothscroll\">\n\t\t\t\t\t<span class=\"mouse-icon\">\n\t\t\t\t\t\t<span class=\"mouse-wheel\"><\/span>\n\t\t\t\t\t<\/span>\n\t\t\t\t<\/a>\t\n\t\t\t\t\t\t\t\t\t\n\t\t\t\t\t\t\n        <\/div>\t\t\t\n\t<\/header>\t\t\n\t\t\t\n    \t\t\t\t<\/div>\n\t\t\t\t<\/div>\n\t\t\t\t<\/div>\n\t\t<div class=\"elementor-element elementor-element-11441f9 e-flex e-con-boxed e-con e-parent\" data-id=\"11441f9\" data-element_type=\"container\">\n\t\t\t\t\t<div class=\"e-con-inner\">\n\t\t<div class=\"elementor-element elementor-element-4a00462 e-flex e-con-boxed e-con e-child\" data-id=\"4a00462\" data-element_type=\"container\">\n\t\t\t\t\t<div class=\"e-con-inner\">\n\t\t\t\t<div class=\"elementor-element elementor-element-9f11f77 elementor-widget elementor-widget-rating\" data-id=\"9f11f77\" data-element_type=\"widget\" data-widget_type=\"rating.default\">\n\t\t\t\t\t\t\t<div class=\"e-rating\" itemtype=\"https:\/\/schema.org\/Rating\" itemscope=\"\" itemprop=\"reviewRating\">\n\t\t\t<meta itemprop=\"worstRating\" content=\"0\">\n\t\t\t<meta itemprop=\"bestRating\" content=\"5\">\n\t\t\t<div class=\"e-rating-wrapper\" itemprop=\"ratingValue\" content=\"5\" role=\"img\" aria-label=\"Not\u00e9 5 sur 5\">\n\t\t\t\t\t\t\t<div class=\"e-icon\">\n\t\t\t\t<div class=\"e-icon-wrapper e-icon-marked\">\n\t\t\t\t\t<svg aria-hidden=\"true\" class=\"e-font-icon-svg e-eicon-star\" viewbox=\"0 0 1000 1000\" xmlns=\"http:\/\/www.w3.org\/2000\/svg\"><path d=\"M450 75L338 312 88 350C46 354 25 417 58 450L238 633 196 896C188 942 238 975 275 954L500 837 725 954C767 975 813 942 804 896L763 633 942 450C975 417 954 358 913 350L663 312 550 75C529 33 471 33 450 75Z\"><\/path><\/svg>\t\t\t\t<\/div>\n\t\t\t\t<div class=\"e-icon-wrapper e-icon-unmarked\">\n\t\t\t\t\t<svg aria-hidden=\"true\" class=\"e-font-icon-svg e-eicon-star\" viewbox=\"0 0 1000 1000\" xmlns=\"http:\/\/www.w3.org\/2000\/svg\"><path d=\"M450 75L338 312 88 350C46 354 25 417 58 450L238 633 196 896C188 942 238 975 275 954L500 837 725 954C767 975 813 942 804 896L763 633 942 450C975 417 954 358 913 350L663 312 550 75C529 33 471 33 450 75Z\"><\/path><\/svg>\t\t\t\t<\/div>\n\t\t\t<\/div>\n\t\t\t\t\t\t<div class=\"e-icon\">\n\t\t\t\t<div class=\"e-icon-wrapper e-icon-marked\">\n\t\t\t\t\t<svg aria-hidden=\"true\" class=\"e-font-icon-svg e-eicon-star\" viewbox=\"0 0 1000 1000\" xmlns=\"http:\/\/www.w3.org\/2000\/svg\"><path d=\"M450 75L338 312 88 350C46 354 25 417 58 450L238 633 196 896C188 942 238 975 275 954L500 837 725 954C767 975 813 942 804 896L763 633 942 450C975 417 954 358 913 350L663 312 550 75C529 33 471 33 450 75Z\"><\/path><\/svg>\t\t\t\t<\/div>\n\t\t\t\t<div class=\"e-icon-wrapper e-icon-unmarked\">\n\t\t\t\t\t<svg aria-hidden=\"true\" class=\"e-font-icon-svg e-eicon-star\" viewbox=\"0 0 1000 1000\" xmlns=\"http:\/\/www.w3.org\/2000\/svg\"><path d=\"M450 75L338 312 88 350C46 354 25 417 58 450L238 633 196 896C188 942 238 975 275 954L500 837 725 954C767 975 813 942 804 896L763 633 942 450C975 417 954 358 913 350L663 312 550 75C529 33 471 33 450 75Z\"><\/path><\/svg>\t\t\t\t<\/div>\n\t\t\t<\/div>\n\t\t\t\t\t\t<div class=\"e-icon\">\n\t\t\t\t<div class=\"e-icon-wrapper e-icon-marked\">\n\t\t\t\t\t<svg aria-hidden=\"true\" class=\"e-font-icon-svg e-eicon-star\" viewbox=\"0 0 1000 1000\" xmlns=\"http:\/\/www.w3.org\/2000\/svg\"><path d=\"M450 75L338 312 88 350C46 354 25 417 58 450L238 633 196 896C188 942 238 975 275 954L500 837 725 954C767 975 813 942 804 896L763 633 942 450C975 417 954 358 913 350L663 312 550 75C529 33 471 33 450 75Z\"><\/path><\/svg>\t\t\t\t<\/div>\n\t\t\t\t<div class=\"e-icon-wrapper e-icon-unmarked\">\n\t\t\t\t\t<svg aria-hidden=\"true\" class=\"e-font-icon-svg e-eicon-star\" viewbox=\"0 0 1000 1000\" xmlns=\"http:\/\/www.w3.org\/2000\/svg\"><path d=\"M450 75L338 312 88 350C46 354 25 417 58 450L238 633 196 896C188 942 238 975 275 954L500 837 725 954C767 975 813 942 804 896L763 633 942 450C975 417 954 358 913 350L663 312 550 75C529 33 471 33 450 75Z\"><\/path><\/svg>\t\t\t\t<\/div>\n\t\t\t<\/div>\n\t\t\t\t\t\t<div class=\"e-icon\">\n\t\t\t\t<div class=\"e-icon-wrapper e-icon-marked\">\n\t\t\t\t\t<svg aria-hidden=\"true\" class=\"e-font-icon-svg e-eicon-star\" viewbox=\"0 0 1000 1000\" xmlns=\"http:\/\/www.w3.org\/2000\/svg\"><path d=\"M450 75L338 312 88 350C46 354 25 417 58 450L238 633 196 896C188 942 238 975 275 954L500 837 725 954C767 975 813 942 804 896L763 633 942 450C975 417 954 358 913 350L663 312 550 75C529 33 471 33 450 75Z\"><\/path><\/svg>\t\t\t\t<\/div>\n\t\t\t\t<div class=\"e-icon-wrapper e-icon-unmarked\">\n\t\t\t\t\t<svg aria-hidden=\"true\" class=\"e-font-icon-svg e-eicon-star\" viewbox=\"0 0 1000 1000\" xmlns=\"http:\/\/www.w3.org\/2000\/svg\"><path d=\"M450 75L338 312 88 350C46 354 25 417 58 450L238 633 196 896C188 942 238 975 275 954L500 837 725 954C767 975 813 942 804 896L763 633 942 450C975 417 954 358 913 350L663 312 550 75C529 33 471 33 450 75Z\"><\/path><\/svg>\t\t\t\t<\/div>\n\t\t\t<\/div>\n\t\t\t\t\t\t<div class=\"e-icon\">\n\t\t\t\t<div class=\"e-icon-wrapper e-icon-marked\">\n\t\t\t\t\t<svg aria-hidden=\"true\" class=\"e-font-icon-svg e-eicon-star\" viewbox=\"0 0 1000 1000\" xmlns=\"http:\/\/www.w3.org\/2000\/svg\"><path d=\"M450 75L338 312 88 350C46 354 25 417 58 450L238 633 196 896C188 942 238 975 275 954L500 837 725 954C767 975 813 942 804 896L763 633 942 450C975 417 954 358 913 350L663 312 550 75C529 33 471 33 450 75Z\"><\/path><\/svg>\t\t\t\t<\/div>\n\t\t\t\t<div class=\"e-icon-wrapper e-icon-unmarked\">\n\t\t\t\t\t<svg aria-hidden=\"true\" class=\"e-font-icon-svg e-eicon-star\" viewbox=\"0 0 1000 1000\" xmlns=\"http:\/\/www.w3.org\/2000\/svg\"><path d=\"M450 75L338 312 88 350C46 354 25 417 58 450L238 633 196 896C188 942 238 975 275 954L500 837 725 954C767 975 813 942 804 896L763 633 942 450C975 417 954 358 913 350L663 312 550 75C529 33 471 33 450 75Z\"><\/path><\/svg>\t\t\t\t<\/div>\n\t\t\t<\/div>\n\t\t\t\t\t\t<\/div>\n\t\t<\/div>\n\t\t\t\t\t\t<\/div>\n\t\t\t\t<div class=\"elementor-element elementor-element-6cb9a96 elementor-widget elementor-widget-text-editor\" data-id=\"6cb9a96\" data-element_type=\"widget\" data-widget_type=\"text-editor.default\">\n\t\t\t\t\t\t\t\t\t<h4 class=\"section-title black text-left\">Studio Roi<\/h4>\t\t\t\t\t\t\t\t<\/div>\n\t\t\t\t<div class=\"elementor-element elementor-element-50260d1 elementor-widget elementor-widget-image-gallery\" data-id=\"50260d1\" data-element_type=\"widget\" data-widget_type=\"image-gallery.default\">\n\t\t\t\t\t\t\t<div class=\"elementor-image-gallery\">\n\t\t\t\n\t\t<style type=\"text\/css\">\n\t\t\t#gallery-1 {\n\t\t\t\tmargin: auto;\n\t\t\t}\n\t\t\t#gallery-1 .gallery-item {\n\t\t\t\tfloat: left;\n\t\t\t\tmargin-top: 10px;\n\t\t\t\ttext-align: center;\n\t\t\t\twidth: 33%;\n\t\t\t}\n\t\t\t#gallery-1 img {\n\t\t\t\tborder: 2px solid #cfcfcf;\n\t\t\t}\n\t\t\t#gallery-1 .gallery-caption {\n\t\t\t\tmargin-left: 0;\n\t\t\t}\n\t\t\t\/* see gallery_shortcode() in wp-includes\/media.php *\/\n\t\t<\/style>\n\t\t<div id='gallery-1' class='gallery galleryid-2681 gallery-columns-3 gallery-size-medium'><dl class='gallery-item'>\n\t\t\t<dt class='gallery-icon landscape'>\n\t\t\t\t<a data-elementor-open-lightbox=\"yes\" data-elementor-lightbox-slideshow=\"50260d1\" data-elementor-lightbox-title=\"XM 116\" data-e-action-hash=\"#elementor-action%3Aaction%3Dlightbox%26settings%3DeyJpZCI6MjcxOSwidXJsIjoiaHR0cHM6XC9cL3JlZGRpbmd0b25ieWp2dGUuY29tXC93cC1jb250ZW50XC91cGxvYWRzXC8yMDI1XC8wOFwvWE0tMTE2LTEuanBnIiwic2xpZGVzaG93IjoiNTAyNjBkMSJ9\" href='https:\/\/reddingtonbyjvte.com\/wp-content\/uploads\/2025\/08\/XM-116-1.jpg'><img fetchpriority=\"high\" decoding=\"async\" width=\"300\" height=\"200\" src=\"https:\/\/reddingtonbyjvte.com\/wp-content\/uploads\/2025\/08\/XM-116-1-300x200.jpg\" class=\"attachment-medium size-medium\" alt=\"\" srcset=\"https:\/\/reddingtonbyjvte.com\/wp-content\/uploads\/2025\/08\/XM-116-1-300x200.jpg 300w, https:\/\/reddingtonbyjvte.com\/wp-content\/uploads\/2025\/08\/XM-116-1-1024x682.jpg 1024w, https:\/\/reddingtonbyjvte.com\/wp-content\/uploads\/2025\/08\/XM-116-1-768x512.jpg 768w, https:\/\/reddingtonbyjvte.com\/wp-content\/uploads\/2025\/08\/XM-116-1-540x360.jpg 540w, https:\/\/reddingtonbyjvte.com\/wp-content\/uploads\/2025\/08\/XM-116-1.jpg 1481w\" sizes=\"(max-width: 300px) 100vw, 300px\" \/><\/a>\n\t\t\t<\/dt><\/dl><dl class='gallery-item'>\n\t\t\t<dt class='gallery-icon landscape'>\n\t\t\t\t<a data-elementor-open-lightbox=\"yes\" data-elementor-lightbox-slideshow=\"50260d1\" data-elementor-lightbox-title=\"XM 110\" data-e-action-hash=\"#elementor-action%3Aaction%3Dlightbox%26settings%3DeyJpZCI6MjcxNywidXJsIjoiaHR0cHM6XC9cL3JlZGRpbmd0b25ieWp2dGUuY29tXC93cC1jb250ZW50XC91cGxvYWRzXC8yMDI1XC8wOFwvWE0tMTEwLTEuanBnIiwic2xpZGVzaG93IjoiNTAyNjBkMSJ9\" href='https:\/\/reddingtonbyjvte.com\/wp-content\/uploads\/2025\/08\/XM-110-1.jpg'><img decoding=\"async\" width=\"300\" height=\"200\" src=\"https:\/\/reddingtonbyjvte.com\/wp-content\/uploads\/2025\/08\/XM-110-1-300x200.jpg\" class=\"attachment-medium size-medium\" alt=\"\" srcset=\"https:\/\/reddingtonbyjvte.com\/wp-content\/uploads\/2025\/08\/XM-110-1-300x200.jpg 300w, https:\/\/reddingtonbyjvte.com\/wp-content\/uploads\/2025\/08\/XM-110-1-1024x682.jpg 1024w, https:\/\/reddingtonbyjvte.com\/wp-content\/uploads\/2025\/08\/XM-110-1-768x512.jpg 768w, https:\/\/reddingtonbyjvte.com\/wp-content\/uploads\/2025\/08\/XM-110-1-540x360.jpg 540w, https:\/\/reddingtonbyjvte.com\/wp-content\/uploads\/2025\/08\/XM-110-1.jpg 1481w\" sizes=\"(max-width: 300px) 100vw, 300px\" \/><\/a>\n\t\t\t<\/dt><\/dl><dl class='gallery-item'>\n\t\t\t<dt class='gallery-icon landscape'>\n\t\t\t\t<a data-elementor-open-lightbox=\"yes\" data-elementor-lightbox-slideshow=\"50260d1\" data-elementor-lightbox-title=\"XM 107\" data-e-action-hash=\"#elementor-action%3Aaction%3Dlightbox%26settings%3DeyJpZCI6MjcxNiwidXJsIjoiaHR0cHM6XC9cL3JlZGRpbmd0b25ieWp2dGUuY29tXC93cC1jb250ZW50XC91cGxvYWRzXC8yMDI1XC8wOFwvWE0tMTA3LmpwZyIsInNsaWRlc2hvdyI6IjUwMjYwZDEifQ%3D%3D\" href='https:\/\/reddingtonbyjvte.com\/wp-content\/uploads\/2025\/08\/XM-107.jpg'><img decoding=\"async\" width=\"300\" height=\"200\" src=\"https:\/\/reddingtonbyjvte.com\/wp-content\/uploads\/2025\/08\/XM-107-300x200.jpg\" class=\"attachment-medium size-medium\" alt=\"\" srcset=\"https:\/\/reddingtonbyjvte.com\/wp-content\/uploads\/2025\/08\/XM-107-300x200.jpg 300w, https:\/\/reddingtonbyjvte.com\/wp-content\/uploads\/2025\/08\/XM-107-1024x682.jpg 1024w, https:\/\/reddingtonbyjvte.com\/wp-content\/uploads\/2025\/08\/XM-107-768x512.jpg 768w, https:\/\/reddingtonbyjvte.com\/wp-content\/uploads\/2025\/08\/XM-107-540x360.jpg 540w, https:\/\/reddingtonbyjvte.com\/wp-content\/uploads\/2025\/08\/XM-107.jpg 1481w\" sizes=\"(max-width: 300px) 100vw, 300px\" \/><\/a>\n\t\t\t<\/dt><\/dl><br style=\"clear: both\" \/><dl class='gallery-item'>\n\t\t\t<dt class='gallery-icon landscape'>\n\t\t\t\t<a data-elementor-open-lightbox=\"yes\" data-elementor-lightbox-slideshow=\"50260d1\" data-elementor-lightbox-title=\"XM 108\" data-e-action-hash=\"#elementor-action%3Aaction%3Dlightbox%26settings%3DeyJpZCI6MjcyMiwidXJsIjoiaHR0cHM6XC9cL3JlZGRpbmd0b25ieWp2dGUuY29tXC93cC1jb250ZW50XC91cGxvYWRzXC8yMDI1XC8wOFwvWE0tMTA4LmpwZyIsInNsaWRlc2hvdyI6IjUwMjYwZDEifQ%3D%3D\" href='https:\/\/reddingtonbyjvte.com\/wp-content\/uploads\/2025\/08\/XM-108.jpg'><img loading=\"lazy\" decoding=\"async\" width=\"300\" height=\"200\" src=\"https:\/\/reddingtonbyjvte.com\/wp-content\/uploads\/2025\/08\/XM-108-300x200.jpg\" class=\"attachment-medium size-medium\" alt=\"\" srcset=\"https:\/\/reddingtonbyjvte.com\/wp-content\/uploads\/2025\/08\/XM-108-300x200.jpg 300w, https:\/\/reddingtonbyjvte.com\/wp-content\/uploads\/2025\/08\/XM-108-1024x682.jpg 1024w, https:\/\/reddingtonbyjvte.com\/wp-content\/uploads\/2025\/08\/XM-108-768x512.jpg 768w, https:\/\/reddingtonbyjvte.com\/wp-content\/uploads\/2025\/08\/XM-108-540x360.jpg 540w, https:\/\/reddingtonbyjvte.com\/wp-content\/uploads\/2025\/08\/XM-108.jpg 1481w\" sizes=\"(max-width: 300px) 100vw, 300px\" \/><\/a>\n\t\t\t<\/dt><\/dl><dl class='gallery-item'>\n\t\t\t<dt class='gallery-icon landscape'>\n\t\t\t\t<a data-elementor-open-lightbox=\"yes\" data-elementor-lightbox-slideshow=\"50260d1\" data-elementor-lightbox-title=\"XM 117\" data-e-action-hash=\"#elementor-action%3Aaction%3Dlightbox%26settings%3DeyJpZCI6MjcyMCwidXJsIjoiaHR0cHM6XC9cL3JlZGRpbmd0b25ieWp2dGUuY29tXC93cC1jb250ZW50XC91cGxvYWRzXC8yMDI1XC8wOFwvWE0tMTE3LmpwZyIsInNsaWRlc2hvdyI6IjUwMjYwZDEifQ%3D%3D\" href='https:\/\/reddingtonbyjvte.com\/wp-content\/uploads\/2025\/08\/XM-117.jpg'><img loading=\"lazy\" decoding=\"async\" width=\"300\" height=\"200\" src=\"https:\/\/reddingtonbyjvte.com\/wp-content\/uploads\/2025\/08\/XM-117-300x200.jpg\" class=\"attachment-medium size-medium\" alt=\"\" srcset=\"https:\/\/reddingtonbyjvte.com\/wp-content\/uploads\/2025\/08\/XM-117-300x200.jpg 300w, https:\/\/reddingtonbyjvte.com\/wp-content\/uploads\/2025\/08\/XM-117-1024x682.jpg 1024w, https:\/\/reddingtonbyjvte.com\/wp-content\/uploads\/2025\/08\/XM-117-768x512.jpg 768w, https:\/\/reddingtonbyjvte.com\/wp-content\/uploads\/2025\/08\/XM-117-540x360.jpg 540w, https:\/\/reddingtonbyjvte.com\/wp-content\/uploads\/2025\/08\/XM-117.jpg 1481w\" sizes=\"(max-width: 300px) 100vw, 300px\" \/><\/a>\n\t\t\t<\/dt><\/dl><dl class='gallery-item'>\n\t\t\t<dt class='gallery-icon landscape'>\n\t\t\t\t<a data-elementor-open-lightbox=\"yes\" data-elementor-lightbox-slideshow=\"50260d1\" data-elementor-lightbox-title=\"XM 119\" data-e-action-hash=\"#elementor-action%3Aaction%3Dlightbox%26settings%3DeyJpZCI6MjcyMSwidXJsIjoiaHR0cHM6XC9cL3JlZGRpbmd0b25ieWp2dGUuY29tXC93cC1jb250ZW50XC91cGxvYWRzXC8yMDI1XC8wOFwvWE0tMTE5LmpwZyIsInNsaWRlc2hvdyI6IjUwMjYwZDEifQ%3D%3D\" href='https:\/\/reddingtonbyjvte.com\/wp-content\/uploads\/2025\/08\/XM-119.jpg'><img loading=\"lazy\" decoding=\"async\" width=\"300\" height=\"200\" src=\"https:\/\/reddingtonbyjvte.com\/wp-content\/uploads\/2025\/08\/XM-119-300x200.jpg\" class=\"attachment-medium size-medium\" alt=\"\" srcset=\"https:\/\/reddingtonbyjvte.com\/wp-content\/uploads\/2025\/08\/XM-119-300x200.jpg 300w, https:\/\/reddingtonbyjvte.com\/wp-content\/uploads\/2025\/08\/XM-119-1024x682.jpg 1024w, https:\/\/reddingtonbyjvte.com\/wp-content\/uploads\/2025\/08\/XM-119-768x512.jpg 768w, https:\/\/reddingtonbyjvte.com\/wp-content\/uploads\/2025\/08\/XM-119-540x360.jpg 540w, https:\/\/reddingtonbyjvte.com\/wp-content\/uploads\/2025\/08\/XM-119.jpg 1481w\" sizes=\"(max-width: 300px) 100vw, 300px\" \/><\/a>\n\t\t\t<\/dt><\/dl><br style=\"clear: both\" \/>\n\t\t<\/div>\n\t\t<\/div>\n\t\t\t\t\t\t<\/div>\n\t\t\t\t<div class=\"elementor-element elementor-element-c1e6f0b elementor-widget elementor-widget-text-editor\" data-id=\"c1e6f0b\" data-element_type=\"widget\" data-widget_type=\"text-editor.default\">\n\t\t\t\t\t\t\t\t\t<h2><b><u>Book your stay in just a few clicks below:<\/u><\/b><\/h2>\t\t\t\t\t\t\t\t<\/div>\n\t\t\t\t<div class=\"elementor-element elementor-element-e4227c2 elementor-widget elementor-widget-shortcode\" data-id=\"e4227c2\" data-element_type=\"widget\" data-widget_type=\"shortcode.default\">\n\t\t\t\t\t\t\t<div class=\"elementor-shortcode\"><\/div>\n\t\t\t\t\t\t<\/div>\n\t\t\t\t<div class=\"elementor-element elementor-element-2ce325f elementor-widget elementor-widget-text-editor\" data-id=\"2ce325f\" data-element_type=\"widget\" data-widget_type=\"text-editor.default\">\n\t\t\t\t\t\t\t\t\t<div data-id=\"5aa574b9\" data-element_type=\"widget\" data-widget_type=\"patara-title.default\"><div><h2>Studio Roi<\/h2><\/div><\/div><div data-id=\"a4e1460\" data-element_type=\"widget\" data-widget_type=\"patara-text.default\"><p data-start=\"311\" data-end=\"652\">A more spacious studio with a high-end atmosphere. It offers a harmonious living space, quality bedding, and a practical kitchenette for business or leisure stays.<\/p><p data-start=\"311\" data-end=\"652\">Master bedroom 15.4 m\u00b2<sup>2<\/sup><\/p><p data-start=\"654\" data-end=\"673\">\u00a0<\/p><p data-start=\"654\" data-end=\"673\"><strong data-start=\"654\" data-end=\"671\">Amenities:<\/strong><\/p><ul data-start=\"674\" data-end=\"907\"><li data-start=\"674\" data-end=\"691\"><p data-start=\"676\" data-end=\"691\">Air conditioning<\/p><\/li><li data-start=\"692\" data-end=\"712\"><p data-start=\"694\" data-end=\"712\">High-speed Wi-Fi<\/p><\/li><li data-start=\"713\" data-end=\"730\"><p data-start=\"715\" data-end=\"730\">Flat-screen TV<\/p><\/li><li data-start=\"731\" data-end=\"812\"><p data-start=\"733\" data-end=\"812\">Full kitchen (refrigerator, microwave, utensils, stovetop)<\/p><\/li><li data-start=\"813\" data-end=\"835\"><p data-start=\"815\" data-end=\"835\">Terrace or balcony<\/p><\/li><li data-start=\"836\" data-end=\"858\"><p data-start=\"838\" data-end=\"858\">Pool access<\/p><\/li><li data-start=\"859\" data-end=\"879\"><p data-start=\"861\" data-end=\"879\">Secure parking<\/p><\/li><li data-start=\"880\" data-end=\"907\"><p data-start=\"882\" data-end=\"907\">24\/7 services access<\/p><\/li><\/ul><p data-start=\"909\" data-end=\"1030\"><strong data-start=\"909\" data-end=\"921\">Check-in<\/strong> From 2:00 PM (early check-in subject to availability)<\/p><p data-start=\"909\" data-end=\"1030\"><br data-start=\"976\" data-end=\"979\" \/><strong data-start=\"979\" data-end=\"992\">Check-out<\/strong> : avant 12h (d\u00e9part express possible)<\/p><p data-start=\"1032\" data-end=\"1134\"><strong data-start=\"1032\" data-end=\"1043\">Animaux<\/strong> : non autoris\u00e9s<\/p><p data-start=\"1032\" data-end=\"1134\"><br data-start=\"1059\" data-end=\"1062\" \/><strong data-start=\"1062\" data-end=\"1073\">Enfants<\/strong> Children welcome (extra beds available on request)<\/p><\/div>\t\t\t\t\t\t\t\t<\/div>\n\t\t\t\t\t<\/div>\n\t\t\t\t<\/div>\n\t\t\t\t\t<\/div>\n\t\t\t\t<\/div>\n\t\t\t\t<\/div>","protected":false},"excerpt":{"rendered":"<p>Studio Roi Studio Roi R\u00e9servez votre s\u00e9jour en quelques clics ci-dessous : Studio Roi Un studio plus spacieux avec une ambiance haut de gamme. Il offre un espace de vie harmonieux, une literie de qualit\u00e9 et une kitchenette pratique pour les s\u00e9jours professionnels ou personnels. Chambre principale 15.4 m2 \u00a0 \u00c9quipements : Climatisation Wi-Fi haut d\u00e9bit TV \u00e9cran plat Cuisine<\/p>","protected":false},"author":1,"featured_media":0,"parent":0,"menu_order":0,"comment_status":"closed","ping_status":"closed","template":"","meta":{"footnotes":"","_links_to":"","_links_to_target":""},"class_list":["post-2681","page","type-page","status-publish","hentry"],"_links":{"self":[{"href":"https:\/\/reddingtonbyjvte.com\/en\/wp-json\/wp\/v2\/pages\/2681","targetHints":{"allow":["GET"]}}],"collection":[{"href":"https:\/\/reddingtonbyjvte.com\/en\/wp-json\/wp\/v2\/pages"}],"about":[{"href":"https:\/\/reddingtonbyjvte.com\/en\/wp-json\/wp\/v2\/types\/page"}],"author":[{"embeddable":true,"href":"https:\/\/reddingtonbyjvte.com\/en\/wp-json\/wp\/v2\/users\/1"}],"replies":[{"embeddable":true,"href":"https:\/\/reddingtonbyjvte.com\/en\/wp-json\/wp\/v2\/comments?post=2681"}],"version-history":[{"count":23,"href":"https:\/\/reddingtonbyjvte.com\/en\/wp-json\/wp\/v2\/pages\/2681\/revisions"}],"predecessor-version":[{"id":3092,"href":"https:\/\/reddingtonbyjvte.com\/en\/wp-json\/wp\/v2\/pages\/2681\/revisions\/3092"}],"wp:attachment":[{"href":"https:\/\/reddingtonbyjvte.com\/en\/wp-json\/wp\/v2\/media?parent=2681"}],"curies":[{"name":"wp","href":"https:\/\/api.w.org\/{rel}","templated":true}]}}