{"id":3038,"date":"2025-08-27T16:39:28","date_gmt":"2025-08-27T16:39:28","guid":{"rendered":"https:\/\/reddingtonbyjvte.com\/?page_id=3038"},"modified":"2025-08-27T16:58:02","modified_gmt":"2025-08-27T16:58:02","slug":"studio-sultan","status":"publish","type":"page","link":"https:\/\/reddingtonbyjvte.com\/en\/studio-sultan\/","title":{"rendered":"Studio Sultan"},"content":{"rendered":"<div data-elementor-type=\"wp-page\" data-elementor-id=\"3038\" class=\"elementor elementor-3038\">\n\t\t\t\t<div class=\"elementor-element elementor-element-9141ae4 e-con-full e-flex e-con e-parent\" data-id=\"9141ae4\" data-element_type=\"container\" data-settings=\"{&quot;background_background&quot;:&quot;classic&quot;}\">\n\t\t\t\t<div class=\"elementor-element elementor-element-d2d3626 elementor-widget elementor-widget-patara-banner-image\" data-id=\"d2d3626\" data-element_type=\"widget\" data-widget_type=\"patara-banner-image.default\">\n\t\t\t\t<div class=\"elementor-widget-container\">\n\t\t\t\t\t\t\t\n\t<!-- Header Banner -->\n\t<header class=\"header\">\n\n\t\t\t\t<div class=\"banner-header full-height valign bg-img bg-fixed text-center\" data-overlay-dark=\"5\" data-background=\"https:\/\/reddingtonbyjvte.com\/wp-content\/uploads\/2025\/08\/WhatsApp-Image-2025-08-23-at-15.56.23.jpeg\">\n\t\t\t\t\t\t\t\t\t\t\t\t<div class=\"container\">\n\t\t\t\t\t<div class=\"row\">\n\t\t\t\t\t\t<div class=\"col-md-12 offset-0\">\n\t\t\t\t\t\t\t<div class=\"caption\">\n\n\t\t\t\t\t\t\t\t\t\t\t\t\t\t\t\t\n\t\t\t\t\t\t\t\t\n\t\t\t\t\t\t\t\t\t\t\t\t\t\t\t\t\t\t\t\t\t\t\t\t<h1 class=\"pt-slider-title2-class\">Studio Sultan<\/h1>\n\t\t\t\t\t\t\t\t\t\t\t\t\t\t\t\t\t\t\t\t\t\t\t<\/div>\t\t\t\t\t\t\n\t\t\t\t\t\t<\/div>\t\t\t\t\t\t\n\t\t\t\t\t<\/div>\n\t\t\t\t<\/div>\n\t\t\t\t\t\t\t\t<!-- button scroll -->\n\t\t\t\t<a href=\"#sc-room\" data-scroll-nav=\"1\" class=\"mouse smoothscroll\">\n\t\t\t\t\t<span class=\"mouse-icon\">\n\t\t\t\t\t\t<span class=\"mouse-wheel\"><\/span>\n\t\t\t\t\t<\/span>\n\t\t\t\t<\/a>\t\n\t\t\t\t\t\t\t\t\t\n\t\t\t\t\t\t\n        <\/div>\t\t\t\n\t<\/header>\t\t\n\t\t\t\n    \t\t\t\t<\/div>\n\t\t\t\t<\/div>\n\t\t\t\t<\/div>\n\t\t<div class=\"elementor-element elementor-element-11441f9 e-flex e-con-boxed e-con e-parent\" data-id=\"11441f9\" data-element_type=\"container\">\n\t\t\t\t\t<div class=\"e-con-inner\">\n\t\t<div class=\"elementor-element elementor-element-4a00462 e-flex e-con-boxed e-con e-child\" data-id=\"4a00462\" data-element_type=\"container\">\n\t\t\t\t\t<div class=\"e-con-inner\">\n\t\t\t\t<div class=\"elementor-element elementor-element-9f11f77 elementor-widget elementor-widget-rating\" data-id=\"9f11f77\" data-element_type=\"widget\" data-widget_type=\"rating.default\">\n\t\t\t\t\t\t\t<div class=\"e-rating\" itemtype=\"https:\/\/schema.org\/Rating\" itemscope=\"\" itemprop=\"reviewRating\">\n\t\t\t<meta itemprop=\"worstRating\" content=\"0\">\n\t\t\t<meta itemprop=\"bestRating\" content=\"5\">\n\t\t\t<div class=\"e-rating-wrapper\" itemprop=\"ratingValue\" content=\"5\" role=\"img\" aria-label=\"Not\u00e9 5 sur 5\">\n\t\t\t\t\t\t\t<div class=\"e-icon\">\n\t\t\t\t<div class=\"e-icon-wrapper e-icon-marked\">\n\t\t\t\t\t<svg aria-hidden=\"true\" class=\"e-font-icon-svg e-eicon-star\" viewbox=\"0 0 1000 1000\" xmlns=\"http:\/\/www.w3.org\/2000\/svg\"><path d=\"M450 75L338 312 88 350C46 354 25 417 58 450L238 633 196 896C188 942 238 975 275 954L500 837 725 954C767 975 813 942 804 896L763 633 942 450C975 417 954 358 913 350L663 312 550 75C529 33 471 33 450 75Z\"><\/path><\/svg>\t\t\t\t<\/div>\n\t\t\t\t<div class=\"e-icon-wrapper e-icon-unmarked\">\n\t\t\t\t\t<svg aria-hidden=\"true\" class=\"e-font-icon-svg e-eicon-star\" viewbox=\"0 0 1000 1000\" xmlns=\"http:\/\/www.w3.org\/2000\/svg\"><path d=\"M450 75L338 312 88 350C46 354 25 417 58 450L238 633 196 896C188 942 238 975 275 954L500 837 725 954C767 975 813 942 804 896L763 633 942 450C975 417 954 358 913 350L663 312 550 75C529 33 471 33 450 75Z\"><\/path><\/svg>\t\t\t\t<\/div>\n\t\t\t<\/div>\n\t\t\t\t\t\t<div class=\"e-icon\">\n\t\t\t\t<div class=\"e-icon-wrapper e-icon-marked\">\n\t\t\t\t\t<svg aria-hidden=\"true\" class=\"e-font-icon-svg e-eicon-star\" viewbox=\"0 0 1000 1000\" xmlns=\"http:\/\/www.w3.org\/2000\/svg\"><path d=\"M450 75L338 312 88 350C46 354 25 417 58 450L238 633 196 896C188 942 238 975 275 954L500 837 725 954C767 975 813 942 804 896L763 633 942 450C975 417 954 358 913 350L663 312 550 75C529 33 471 33 450 75Z\"><\/path><\/svg>\t\t\t\t<\/div>\n\t\t\t\t<div class=\"e-icon-wrapper e-icon-unmarked\">\n\t\t\t\t\t<svg aria-hidden=\"true\" class=\"e-font-icon-svg e-eicon-star\" viewbox=\"0 0 1000 1000\" xmlns=\"http:\/\/www.w3.org\/2000\/svg\"><path d=\"M450 75L338 312 88 350C46 354 25 417 58 450L238 633 196 896C188 942 238 975 275 954L500 837 725 954C767 975 813 942 804 896L763 633 942 450C975 417 954 358 913 350L663 312 550 75C529 33 471 33 450 75Z\"><\/path><\/svg>\t\t\t\t<\/div>\n\t\t\t<\/div>\n\t\t\t\t\t\t<div class=\"e-icon\">\n\t\t\t\t<div class=\"e-icon-wrapper e-icon-marked\">\n\t\t\t\t\t<svg aria-hidden=\"true\" class=\"e-font-icon-svg e-eicon-star\" viewbox=\"0 0 1000 1000\" xmlns=\"http:\/\/www.w3.org\/2000\/svg\"><path d=\"M450 75L338 312 88 350C46 354 25 417 58 450L238 633 196 896C188 942 238 975 275 954L500 837 725 954C767 975 813 942 804 896L763 633 942 450C975 417 954 358 913 350L663 312 550 75C529 33 471 33 450 75Z\"><\/path><\/svg>\t\t\t\t<\/div>\n\t\t\t\t<div class=\"e-icon-wrapper e-icon-unmarked\">\n\t\t\t\t\t<svg aria-hidden=\"true\" class=\"e-font-icon-svg e-eicon-star\" viewbox=\"0 0 1000 1000\" xmlns=\"http:\/\/www.w3.org\/2000\/svg\"><path d=\"M450 75L338 312 88 350C46 354 25 417 58 450L238 633 196 896C188 942 238 975 275 954L500 837 725 954C767 975 813 942 804 896L763 633 942 450C975 417 954 358 913 350L663 312 550 75C529 33 471 33 450 75Z\"><\/path><\/svg>\t\t\t\t<\/div>\n\t\t\t<\/div>\n\t\t\t\t\t\t<div class=\"e-icon\">\n\t\t\t\t<div class=\"e-icon-wrapper e-icon-marked\">\n\t\t\t\t\t<svg aria-hidden=\"true\" class=\"e-font-icon-svg e-eicon-star\" viewbox=\"0 0 1000 1000\" xmlns=\"http:\/\/www.w3.org\/2000\/svg\"><path d=\"M450 75L338 312 88 350C46 354 25 417 58 450L238 633 196 896C188 942 238 975 275 954L500 837 725 954C767 975 813 942 804 896L763 633 942 450C975 417 954 358 913 350L663 312 550 75C529 33 471 33 450 75Z\"><\/path><\/svg>\t\t\t\t<\/div>\n\t\t\t\t<div class=\"e-icon-wrapper e-icon-unmarked\">\n\t\t\t\t\t<svg aria-hidden=\"true\" class=\"e-font-icon-svg e-eicon-star\" viewbox=\"0 0 1000 1000\" xmlns=\"http:\/\/www.w3.org\/2000\/svg\"><path d=\"M450 75L338 312 88 350C46 354 25 417 58 450L238 633 196 896C188 942 238 975 275 954L500 837 725 954C767 975 813 942 804 896L763 633 942 450C975 417 954 358 913 350L663 312 550 75C529 33 471 33 450 75Z\"><\/path><\/svg>\t\t\t\t<\/div>\n\t\t\t<\/div>\n\t\t\t\t\t\t<div class=\"e-icon\">\n\t\t\t\t<div class=\"e-icon-wrapper e-icon-marked\">\n\t\t\t\t\t<svg aria-hidden=\"true\" class=\"e-font-icon-svg e-eicon-star\" viewbox=\"0 0 1000 1000\" xmlns=\"http:\/\/www.w3.org\/2000\/svg\"><path d=\"M450 75L338 312 88 350C46 354 25 417 58 450L238 633 196 896C188 942 238 975 275 954L500 837 725 954C767 975 813 942 804 896L763 633 942 450C975 417 954 358 913 350L663 312 550 75C529 33 471 33 450 75Z\"><\/path><\/svg>\t\t\t\t<\/div>\n\t\t\t\t<div class=\"e-icon-wrapper e-icon-unmarked\">\n\t\t\t\t\t<svg aria-hidden=\"true\" class=\"e-font-icon-svg e-eicon-star\" viewbox=\"0 0 1000 1000\" xmlns=\"http:\/\/www.w3.org\/2000\/svg\"><path d=\"M450 75L338 312 88 350C46 354 25 417 58 450L238 633 196 896C188 942 238 975 275 954L500 837 725 954C767 975 813 942 804 896L763 633 942 450C975 417 954 358 913 350L663 312 550 75C529 33 471 33 450 75Z\"><\/path><\/svg>\t\t\t\t<\/div>\n\t\t\t<\/div>\n\t\t\t\t\t\t<\/div>\n\t\t<\/div>\n\t\t\t\t\t\t<\/div>\n\t\t\t\t<div class=\"elementor-element elementor-element-6cb9a96 elementor-widget elementor-widget-text-editor\" data-id=\"6cb9a96\" data-element_type=\"widget\" data-widget_type=\"text-editor.default\">\n\t\t\t\t\t\t\t\t\t<h4 class=\"section-title black text-left\">Studio Sultan<\/h4>\t\t\t\t\t\t\t\t<\/div>\n\t\t\t\t<div class=\"elementor-element elementor-element-50260d1 elementor-widget elementor-widget-image-gallery\" data-id=\"50260d1\" data-element_type=\"widget\" data-widget_type=\"image-gallery.default\">\n\t\t\t\t\t\t\t<div class=\"elementor-image-gallery\">\n\t\t\t\n\t\t<style type=\"text\/css\">\n\t\t\t#gallery-1 {\n\t\t\t\tmargin: auto;\n\t\t\t}\n\t\t\t#gallery-1 .gallery-item {\n\t\t\t\tfloat: left;\n\t\t\t\tmargin-top: 10px;\n\t\t\t\ttext-align: center;\n\t\t\t\twidth: 33%;\n\t\t\t}\n\t\t\t#gallery-1 img {\n\t\t\t\tborder: 2px solid #cfcfcf;\n\t\t\t}\n\t\t\t#gallery-1 .gallery-caption {\n\t\t\t\tmargin-left: 0;\n\t\t\t}\n\t\t\t\/* see gallery_shortcode() in wp-includes\/media.php *\/\n\t\t<\/style>\n\t\t<div id='gallery-1' class='gallery galleryid-3038 gallery-columns-3 gallery-size-medium'><dl class='gallery-item'>\n\t\t\t<dt class='gallery-icon landscape'>\n\t\t\t\t<a data-elementor-open-lightbox=\"yes\" data-elementor-lightbox-slideshow=\"50260d1\" data-elementor-lightbox-title=\"WhatsApp Image 2025-08-23 at 15.55.59 (24)\" data-e-action-hash=\"#elementor-action%3Aaction%3Dlightbox%26settings%3DeyJpZCI6MzA0MSwidXJsIjoiaHR0cHM6XC9cL3JlZGRpbmd0b25ieWp2dGUuY29tXC93cC1jb250ZW50XC91cGxvYWRzXC8yMDI1XC8wOFwvV2hhdHNBcHAtSW1hZ2UtMjAyNS0wOC0yMy1hdC0xNS41NS41OS0yNC5qcGVnIiwic2xpZGVzaG93IjoiNTAyNjBkMSJ9\" href='https:\/\/reddingtonbyjvte.com\/wp-content\/uploads\/2025\/08\/WhatsApp-Image-2025-08-23-at-15.55.59-24.jpeg'><img fetchpriority=\"high\" decoding=\"async\" width=\"300\" height=\"214\" src=\"https:\/\/reddingtonbyjvte.com\/wp-content\/uploads\/2025\/08\/WhatsApp-Image-2025-08-23-at-15.55.59-24-300x214.jpeg\" class=\"attachment-medium size-medium\" alt=\"\" srcset=\"https:\/\/reddingtonbyjvte.com\/wp-content\/uploads\/2025\/08\/WhatsApp-Image-2025-08-23-at-15.55.59-24-300x214.jpeg 300w, https:\/\/reddingtonbyjvte.com\/wp-content\/uploads\/2025\/08\/WhatsApp-Image-2025-08-23-at-15.55.59-24-1024x731.jpeg 1024w, https:\/\/reddingtonbyjvte.com\/wp-content\/uploads\/2025\/08\/WhatsApp-Image-2025-08-23-at-15.55.59-24-768x548.jpeg 768w, https:\/\/reddingtonbyjvte.com\/wp-content\/uploads\/2025\/08\/WhatsApp-Image-2025-08-23-at-15.55.59-24.jpeg 1080w\" sizes=\"(max-width: 300px) 100vw, 300px\" \/><\/a>\n\t\t\t<\/dt><\/dl><dl class='gallery-item'>\n\t\t\t<dt class='gallery-icon landscape'>\n\t\t\t\t<a data-elementor-open-lightbox=\"yes\" data-elementor-lightbox-slideshow=\"50260d1\" data-elementor-lightbox-title=\"sultan2\" data-e-action-hash=\"#elementor-action%3Aaction%3Dlightbox%26settings%3DeyJpZCI6MzA0MiwidXJsIjoiaHR0cHM6XC9cL3JlZGRpbmd0b25ieWp2dGUuY29tXC93cC1jb250ZW50XC91cGxvYWRzXC8yMDI1XC8wOFwvV2hhdHNBcHAtSW1hZ2UtMjAyNS0wOC0yMy1hdC0xNS41NS41OS0yNy5qcGVnIiwic2xpZGVzaG93IjoiNTAyNjBkMSJ9\" href='https:\/\/reddingtonbyjvte.com\/wp-content\/uploads\/2025\/08\/WhatsApp-Image-2025-08-23-at-15.55.59-27.jpeg'><img decoding=\"async\" width=\"300\" height=\"214\" src=\"https:\/\/reddingtonbyjvte.com\/wp-content\/uploads\/2025\/08\/WhatsApp-Image-2025-08-23-at-15.55.59-27-300x214.jpeg\" class=\"attachment-medium size-medium\" alt=\"\" srcset=\"https:\/\/reddingtonbyjvte.com\/wp-content\/uploads\/2025\/08\/WhatsApp-Image-2025-08-23-at-15.55.59-27-300x214.jpeg 300w, https:\/\/reddingtonbyjvte.com\/wp-content\/uploads\/2025\/08\/WhatsApp-Image-2025-08-23-at-15.55.59-27-1024x731.jpeg 1024w, https:\/\/reddingtonbyjvte.com\/wp-content\/uploads\/2025\/08\/WhatsApp-Image-2025-08-23-at-15.55.59-27-768x548.jpeg 768w, https:\/\/reddingtonbyjvte.com\/wp-content\/uploads\/2025\/08\/WhatsApp-Image-2025-08-23-at-15.55.59-27.jpeg 1080w\" sizes=\"(max-width: 300px) 100vw, 300px\" \/><\/a>\n\t\t\t<\/dt><\/dl><dl class='gallery-item'>\n\t\t\t<dt class='gallery-icon landscape'>\n\t\t\t\t<a data-elementor-open-lightbox=\"yes\" data-elementor-lightbox-slideshow=\"50260d1\" data-elementor-lightbox-title=\"Sultan3\" data-e-action-hash=\"#elementor-action%3Aaction%3Dlightbox%26settings%3DeyJpZCI6MzA0MywidXJsIjoiaHR0cHM6XC9cL3JlZGRpbmd0b25ieWp2dGUuY29tXC93cC1jb250ZW50XC91cGxvYWRzXC8yMDI1XC8wOFwvV2hhdHNBcHAtSW1hZ2UtMjAyNS0wOC0yMy1hdC0xNS41Ni4yMy0xLmpwZWciLCJzbGlkZXNob3ciOiI1MDI2MGQxIn0%3D\" href='https:\/\/reddingtonbyjvte.com\/wp-content\/uploads\/2025\/08\/WhatsApp-Image-2025-08-23-at-15.56.23-1.jpeg'><img decoding=\"async\" width=\"300\" height=\"214\" src=\"https:\/\/reddingtonbyjvte.com\/wp-content\/uploads\/2025\/08\/WhatsApp-Image-2025-08-23-at-15.56.23-1-300x214.jpeg\" class=\"attachment-medium size-medium\" alt=\"\" srcset=\"https:\/\/reddingtonbyjvte.com\/wp-content\/uploads\/2025\/08\/WhatsApp-Image-2025-08-23-at-15.56.23-1-300x214.jpeg 300w, https:\/\/reddingtonbyjvte.com\/wp-content\/uploads\/2025\/08\/WhatsApp-Image-2025-08-23-at-15.56.23-1-1024x731.jpeg 1024w, https:\/\/reddingtonbyjvte.com\/wp-content\/uploads\/2025\/08\/WhatsApp-Image-2025-08-23-at-15.56.23-1-768x548.jpeg 768w, https:\/\/reddingtonbyjvte.com\/wp-content\/uploads\/2025\/08\/WhatsApp-Image-2025-08-23-at-15.56.23-1.jpeg 1080w\" sizes=\"(max-width: 300px) 100vw, 300px\" \/><\/a>\n\t\t\t<\/dt><\/dl><br style=\"clear: both\" \/><dl class='gallery-item'>\n\t\t\t<dt class='gallery-icon portrait'>\n\t\t\t\t<a data-elementor-open-lightbox=\"yes\" data-elementor-lightbox-slideshow=\"50260d1\" data-elementor-lightbox-title=\"Sultan4\" data-e-action-hash=\"#elementor-action%3Aaction%3Dlightbox%26settings%3DeyJpZCI6MzA0NCwidXJsIjoiaHR0cHM6XC9cL3JlZGRpbmd0b25ieWp2dGUuY29tXC93cC1jb250ZW50XC91cGxvYWRzXC8yMDI1XC8wOFwvTEVPMDE1MjQtc2NhbGVkLmpwZyIsInNsaWRlc2hvdyI6IjUwMjYwZDEifQ%3D%3D\" href='https:\/\/reddingtonbyjvte.com\/wp-content\/uploads\/2025\/08\/LEO01524-scaled.jpg'><img loading=\"lazy\" decoding=\"async\" width=\"214\" height=\"300\" src=\"https:\/\/reddingtonbyjvte.com\/wp-content\/uploads\/2025\/08\/LEO01524-214x300.jpg\" class=\"attachment-medium size-medium\" alt=\"\" srcset=\"https:\/\/reddingtonbyjvte.com\/wp-content\/uploads\/2025\/08\/LEO01524-214x300.jpg 214w, https:\/\/reddingtonbyjvte.com\/wp-content\/uploads\/2025\/08\/LEO01524-731x1024.jpg 731w, https:\/\/reddingtonbyjvte.com\/wp-content\/uploads\/2025\/08\/LEO01524-768x1076.jpg 768w, https:\/\/reddingtonbyjvte.com\/wp-content\/uploads\/2025\/08\/LEO01524-1097x1536.jpg 1097w, https:\/\/reddingtonbyjvte.com\/wp-content\/uploads\/2025\/08\/LEO01524-1462x2048.jpg 1462w, https:\/\/reddingtonbyjvte.com\/wp-content\/uploads\/2025\/08\/LEO01524-scaled.jpg 1828w\" sizes=\"(max-width: 214px) 100vw, 214px\" \/><\/a>\n\t\t\t<\/dt><\/dl><dl class='gallery-item'>\n\t\t\t<dt class='gallery-icon portrait'>\n\t\t\t\t<a data-elementor-open-lightbox=\"yes\" data-elementor-lightbox-slideshow=\"50260d1\" data-elementor-lightbox-title=\"Sultan 5\" data-e-action-hash=\"#elementor-action%3Aaction%3Dlightbox%26settings%3DeyJpZCI6MzA0NSwidXJsIjoiaHR0cHM6XC9cL3JlZGRpbmd0b25ieWp2dGUuY29tXC93cC1jb250ZW50XC91cGxvYWRzXC8yMDI1XC8wOFwvV2hhdHNBcHAtSW1hZ2UtMjAyNS0wOC0yMy1hdC0xNS41NS41OS0yMC5qcGVnIiwic2xpZGVzaG93IjoiNTAyNjBkMSJ9\" href='https:\/\/reddingtonbyjvte.com\/wp-content\/uploads\/2025\/08\/WhatsApp-Image-2025-08-23-at-15.55.59-20.jpeg'><img loading=\"lazy\" decoding=\"async\" width=\"214\" height=\"300\" src=\"https:\/\/reddingtonbyjvte.com\/wp-content\/uploads\/2025\/08\/WhatsApp-Image-2025-08-23-at-15.55.59-20-214x300.jpeg\" class=\"attachment-medium size-medium\" alt=\"\" srcset=\"https:\/\/reddingtonbyjvte.com\/wp-content\/uploads\/2025\/08\/WhatsApp-Image-2025-08-23-at-15.55.59-20-214x300.jpeg 214w, https:\/\/reddingtonbyjvte.com\/wp-content\/uploads\/2025\/08\/WhatsApp-Image-2025-08-23-at-15.55.59-20-731x1024.jpeg 731w, https:\/\/reddingtonbyjvte.com\/wp-content\/uploads\/2025\/08\/WhatsApp-Image-2025-08-23-at-15.55.59-20-768x1076.jpeg 768w, https:\/\/reddingtonbyjvte.com\/wp-content\/uploads\/2025\/08\/WhatsApp-Image-2025-08-23-at-15.55.59-20.jpeg 771w\" sizes=\"(max-width: 214px) 100vw, 214px\" \/><\/a>\n\t\t\t<\/dt><\/dl><dl class='gallery-item'>\n\t\t\t<dt class='gallery-icon portrait'>\n\t\t\t\t<a data-elementor-open-lightbox=\"yes\" data-elementor-lightbox-slideshow=\"50260d1\" data-elementor-lightbox-title=\"Sultan6\" data-e-action-hash=\"#elementor-action%3Aaction%3Dlightbox%26settings%3DeyJpZCI6MzA0NiwidXJsIjoiaHR0cHM6XC9cL3JlZGRpbmd0b25ieWp2dGUuY29tXC93cC1jb250ZW50XC91cGxvYWRzXC8yMDI1XC8wOFwvV2hhdHNBcHAtSW1hZ2UtMjAyNS0wOC0yMy1hdC0xNS41NS41OS0yMy5qcGVnIiwic2xpZGVzaG93IjoiNTAyNjBkMSJ9\" href='https:\/\/reddingtonbyjvte.com\/wp-content\/uploads\/2025\/08\/WhatsApp-Image-2025-08-23-at-15.55.59-23.jpeg'><img loading=\"lazy\" decoding=\"async\" width=\"214\" height=\"300\" src=\"https:\/\/reddingtonbyjvte.com\/wp-content\/uploads\/2025\/08\/WhatsApp-Image-2025-08-23-at-15.55.59-23-214x300.jpeg\" class=\"attachment-medium size-medium\" alt=\"\" srcset=\"https:\/\/reddingtonbyjvte.com\/wp-content\/uploads\/2025\/08\/WhatsApp-Image-2025-08-23-at-15.55.59-23-214x300.jpeg 214w, https:\/\/reddingtonbyjvte.com\/wp-content\/uploads\/2025\/08\/WhatsApp-Image-2025-08-23-at-15.55.59-23-731x1024.jpeg 731w, https:\/\/reddingtonbyjvte.com\/wp-content\/uploads\/2025\/08\/WhatsApp-Image-2025-08-23-at-15.55.59-23-768x1076.jpeg 768w, https:\/\/reddingtonbyjvte.com\/wp-content\/uploads\/2025\/08\/WhatsApp-Image-2025-08-23-at-15.55.59-23.jpeg 771w\" sizes=\"(max-width: 214px) 100vw, 214px\" \/><\/a>\n\t\t\t<\/dt><\/dl><br style=\"clear: both\" \/>\n\t\t<\/div>\n\t\t<\/div>\n\t\t\t\t\t\t<\/div>\n\t\t\t\t<div class=\"elementor-element elementor-element-dfbeb8c elementor-widget elementor-widget-text-editor\" data-id=\"dfbeb8c\" data-element_type=\"widget\" data-widget_type=\"text-editor.default\">\n\t\t\t\t\t\t\t\t\t<h2><b><u>Book your stay in just a few clicks below:<\/u><\/b><\/h2>\t\t\t\t\t\t\t\t<\/div>\n\t\t\t\t<div class=\"elementor-element elementor-element-e4227c2 elementor-widget elementor-widget-shortcode\" data-id=\"e4227c2\" data-element_type=\"widget\" data-widget_type=\"shortcode.default\">\n\t\t\t\t\t\t\t<div class=\"elementor-shortcode\"><\/div>\n\t\t\t\t\t\t<\/div>\n\t\t\t\t<div class=\"elementor-element elementor-element-2ce325f elementor-widget elementor-widget-text-editor\" data-id=\"2ce325f\" data-element_type=\"widget\" data-widget_type=\"text-editor.default\">\n\t\t\t\t\t\t\t\t\t<div data-id=\"5aa574b9\" data-element_type=\"widget\" data-widget_type=\"patara-title.default\"><div><h2>Studio Sultan<\/h2><\/div><\/div><div data-id=\"a4e1460\" data-element_type=\"widget\" data-widget_type=\"patara-text.default\"><p data-start=\"311\" data-end=\"652\">This studio offers an excellent balance of space, functionality, and design. It is ideal for solo travelers or couples seeking comfort and simplicity.<\/p><p data-start=\"311\" data-end=\"652\">Chambre principale 14.6 m<sup>2 <\/sup><\/p><p data-start=\"654\" data-end=\"673\">\u00a0<\/p><p data-start=\"654\" data-end=\"673\"><strong data-start=\"654\" data-end=\"671\">Amenities:<\/strong><\/p><ul data-start=\"674\" data-end=\"907\"><li data-start=\"674\" data-end=\"691\"><p data-start=\"676\" data-end=\"691\">Air conditioning<\/p><\/li><li data-start=\"692\" data-end=\"712\"><p data-start=\"694\" data-end=\"712\">High-speed Wi-Fi<\/p><\/li><li data-start=\"713\" data-end=\"730\"><p data-start=\"715\" data-end=\"730\">Flat-screen TV<\/p><\/li><li data-start=\"731\" data-end=\"812\"><p data-start=\"733\" data-end=\"812\">Full kitchen (refrigerator, microwave, utensils, stovetop)<\/p><\/li><li data-start=\"813\" data-end=\"835\"><p data-start=\"815\" data-end=\"835\">Terrace or balcony<\/p><\/li><li data-start=\"836\" data-end=\"858\"><p data-start=\"838\" data-end=\"858\">Pool access<\/p><\/li><li data-start=\"859\" data-end=\"879\"><p data-start=\"861\" data-end=\"879\">Secure parking<\/p><\/li><li data-start=\"880\" data-end=\"907\"><p data-start=\"882\" data-end=\"907\">24\/7 services access<\/p><\/li><\/ul><p data-start=\"909\" data-end=\"1030\"><strong data-start=\"909\" data-end=\"921\">Check-in<\/strong> From 2:00 PM (early check-in subject to availability)<\/p><p data-start=\"909\" data-end=\"1030\"><br data-start=\"976\" data-end=\"979\" \/><strong data-start=\"979\" data-end=\"992\">Check-out<\/strong> : avant 12h (d\u00e9part express possible)<\/p><p data-start=\"1032\" data-end=\"1134\"><strong data-start=\"1032\" data-end=\"1043\">Animaux<\/strong> : non autoris\u00e9s<\/p><p data-start=\"1032\" data-end=\"1134\"><br data-start=\"1059\" data-end=\"1062\" \/><strong data-start=\"1062\" data-end=\"1073\">Enfants<\/strong> Children welcome (extra beds available on request)<\/p><\/div>\t\t\t\t\t\t\t\t<\/div>\n\t\t\t\t\t<\/div>\n\t\t\t\t<\/div>\n\t\t\t\t\t<\/div>\n\t\t\t\t<\/div>\n\t\t\t\t<\/div>","protected":false},"excerpt":{"rendered":"<p>Studio Sultan Studio Sultan R\u00e9servez votre s\u00e9jour en quelques clics ci-dessous : Studio Sultan Ce studio offre un excellent compromis entre espace, fonctionnalit\u00e9 et design. Il est id\u00e9al pour les voyageurs en solo ou les couples, recherchant confort et simplicit\u00e9. Chambre principale 14.6 m2 \u00a0 \u00c9quipements : Climatisation Wi-Fi haut d\u00e9bit TV \u00e9cran plat Cuisine compl\u00e8te (r\u00e9frig\u00e9rateur, micro-ondes, ustensiles, plaques<\/p>","protected":false},"author":1,"featured_media":0,"parent":0,"menu_order":0,"comment_status":"closed","ping_status":"closed","template":"","meta":{"footnotes":"","_links_to":"","_links_to_target":""},"class_list":["post-3038","page","type-page","status-publish","hentry"],"_links":{"self":[{"href":"https:\/\/reddingtonbyjvte.com\/en\/wp-json\/wp\/v2\/pages\/3038","targetHints":{"allow":["GET"]}}],"collection":[{"href":"https:\/\/reddingtonbyjvte.com\/en\/wp-json\/wp\/v2\/pages"}],"about":[{"href":"https:\/\/reddingtonbyjvte.com\/en\/wp-json\/wp\/v2\/types\/page"}],"author":[{"embeddable":true,"href":"https:\/\/reddingtonbyjvte.com\/en\/wp-json\/wp\/v2\/users\/1"}],"replies":[{"embeddable":true,"href":"https:\/\/reddingtonbyjvte.com\/en\/wp-json\/wp\/v2\/comments?post=3038"}],"version-history":[{"count":7,"href":"https:\/\/reddingtonbyjvte.com\/en\/wp-json\/wp\/v2\/pages\/3038\/revisions"}],"predecessor-version":[{"id":3070,"href":"https:\/\/reddingtonbyjvte.com\/en\/wp-json\/wp\/v2\/pages\/3038\/revisions\/3070"}],"wp:attachment":[{"href":"https:\/\/reddingtonbyjvte.com\/en\/wp-json\/wp\/v2\/media?parent=3038"}],"curies":[{"name":"wp","href":"https:\/\/api.w.org\/{rel}","templated":true}]}}