{"id":714,"date":"2023-10-21T21:36:46","date_gmt":"2023-10-21T21:36:46","guid":{"rendered":"https:\/\/webredox.net\/demo\/wp\/patara\/?page_id=714"},"modified":"2025-08-30T00:55:38","modified_gmt":"2025-08-30T00:55:38","slug":"le-reddington","status":"publish","type":"page","link":"https:\/\/reddingtonbyjvte.com\/en\/le-reddington\/","title":{"rendered":"LE REDDINGTON"},"content":{"rendered":"<div data-elementor-type=\"wp-page\" data-elementor-id=\"714\" class=\"elementor elementor-714\">\n\t\t\t\t<div class=\"elementor-element elementor-element-14e42542 e-con-full e-flex e-con e-parent\" data-id=\"14e42542\" data-element_type=\"container\" data-settings=\"{&quot;background_background&quot;:&quot;classic&quot;}\">\n\t\t\t\t<div class=\"elementor-element elementor-element-226f2218 elementor-widget elementor-widget-patara-banner-image\" data-id=\"226f2218\" data-element_type=\"widget\" data-widget_type=\"patara-banner-image.default\">\n\t\t\t\t<div class=\"elementor-widget-container\">\n\t\t\t\t\t\t\t\n\t<!-- Header Banner -->\n\t<header class=\"header\">\n\n\t\t\t\t<div class=\"banner-header full-height valign bg-img bg-fixed text-center\" data-overlay-dark=\"4\" data-background=\"https:\/\/reddingtonbyjvte.com\/wp-content\/uploads\/2025\/08\/XM-147-1.jpg\">\n\t\t\t\t\t\t\t\t\t\t\t\t<div class=\"container\">\n\t\t\t\t\t<div class=\"row\">\n\t\t\t\t\t\t<div class=\"col-md-12 offset-0\">\n\t\t\t\t\t\t\t<div class=\"caption\">\n\n\t\t\t\t\t\t\t\t\t\t\t\t\t\t\t\t\n\t\t\t\t\t\t\t\t\n\t\t\t\t\t\t\t\t\t\t\t\t\t\t\t\t\t\t\t\t\t\t\t\t<h1 class=\"pt-slider-title2-class\">LE REDDINGTON BY JVTE<\/h1>\n\t\t\t\t\t\t\t\t\t\t\t\t\t\t\t\t\t\t\t\t\t\t\t<\/div>\t\t\t\t\t\t\n\t\t\t\t\t\t<\/div>\t\t\t\t\t\t\n\t\t\t\t\t<\/div>\n\t\t\t\t<\/div>\n\t\t\t\t\t\t\t\t<!-- button scroll -->\n\t\t\t\t<a href=\"#about\" data-scroll-nav=\"1\" class=\"mouse smoothscroll\">\n\t\t\t\t\t<span class=\"mouse-icon\">\n\t\t\t\t\t\t<span class=\"mouse-wheel\"><\/span>\n\t\t\t\t\t<\/span>\n\t\t\t\t<\/a>\t\n\t\t\t\t\t\t\t\t\t\n\t\t\t\t\t\t\n        <\/div>\t\t\t\n\t<\/header>\t\t\n\t\t\t\n    \t\t\t\t<\/div>\n\t\t\t\t<\/div>\n\t\t\t\t<\/div>\n\t\t<div class=\"elementor-element elementor-element-d67a3d1 e-flex e-con-boxed e-con e-parent\" data-id=\"d67a3d1\" data-element_type=\"container\" id=\"about\" data-settings=\"{&quot;background_background&quot;:&quot;classic&quot;}\">\n\t\t\t\t\t<div class=\"e-con-inner\">\n\t\t<div class=\"elementor-element elementor-element-182e28ef e-con-full e-flex e-con e-child\" data-id=\"182e28ef\" data-element_type=\"container\">\n\t\t<div class=\"elementor-element elementor-element-63c9fbae e-con-full e-flex e-con e-child\" data-id=\"63c9fbae\" data-element_type=\"container\">\n\t\t\t\t<div class=\"elementor-element elementor-element-24412d44 elementor-widget elementor-widget-patara-title\" data-id=\"24412d44\" data-element_type=\"widget\" data-widget_type=\"patara-title.default\">\n\t\t\t\t<div class=\"elementor-widget-container\">\n\t\t\t\t\t\t\t\n\t\t\n\t\t\t\t\t\t\t\n\t\t\t<h4 class=\"section-title black text-left\">A project from the heart, a family legacy.<\/h4>\t\t\t\t\n\t\t\t\n        \n\t\t\t\n        \t\t\t\t<\/div>\n\t\t\t\t<\/div>\n\t\t\t\t<\/div>\n\t\t<div class=\"elementor-element elementor-element-18d100d2 e-con-full e-flex e-con e-child\" data-id=\"18d100d2\" data-element_type=\"container\">\n\t\t<div class=\"elementor-element elementor-element-413f2e32 e-con-full e-flex e-con e-child\" data-id=\"413f2e32\" data-element_type=\"container\">\n\t\t\t\t<div class=\"elementor-element elementor-element-1de12747 elementor-widget elementor-widget-patara-text\" data-id=\"1de12747\" data-element_type=\"widget\" data-widget_type=\"patara-text.default\">\n\t\t\t\t<div class=\"elementor-widget-container\">\n\t\t\t\t\t\t\t\n\t\t<div class=\"section-text text-left black\"><p data-start=\"401\" data-end=\"518\">It's not just a commercial building.<br data-start=\"449\" data-end=\"452\" \/>It's the fruit of a vision, a dream... and a duty to remember.<\/p><p data-start=\"520\" data-end=\"715\">Created and supported by <strong data-start=\"541\" data-end=\"561\">Karl Toko Ekambi<\/strong> with his family, the Reddington was born of a deep-seated desire:<br data-start=\"620\" data-end=\"623\" \/><strong data-start=\"623\" data-end=\"715\">honor a father's word and offer Cameroon a venue that lives up to its potential.<\/strong><\/p><p data-start=\"717\" data-end=\"890\">This project was designed by <strong data-start=\"743\" data-end=\"784\">Karl's father, Jean Valentin Toko Ekambi<\/strong>(January 18, 2021).<br data-start=\"824\" data-end=\"827\" \/>He passed on much more than a name or a family love:<\/p><p data-start=\"717\" data-end=\"890\">\"Investing at home means building bridges between your roots and your future.\"<\/p><p data-start=\"717\" data-end=\"890\">Even though we were born and raised in France, these words still resonate with us.<br data-start=\"1062\" data-end=\"1065\" \/>Visit <strong data-start=\"1068\" data-end=\"1081\">\"by JVTE<\/strong> in this name, <strong data-start=\"1103\" data-end=\"1117\">Reddington<\/strong>is much more than a tribute.<br data-start=\"1147\" data-end=\"1150\" \/>It's a symbol.<br data-start=\"1167\" data-end=\"1170\" \/>That of an indestructible link between our family history and the land of our birth, Cameroon.<\/p><\/div>\n\t\t\n\t\t\t\n        \t\t\t\t<\/div>\n\t\t\t\t<\/div>\n\t\t\t\t<\/div>\n\t\t<div class=\"elementor-element elementor-element-3e9de937 e-con-full e-flex e-con e-child\" data-id=\"3e9de937\" data-element_type=\"container\">\n\t\t\t\t<div class=\"elementor-element elementor-element-fd8d08f elementor-widget elementor-widget-patara-image\" data-id=\"fd8d08f\" data-element_type=\"widget\" data-widget_type=\"patara-image.default\">\n\t\t\t\t<div class=\"elementor-widget-container\">\n\t\t\t\t\t\t\t\n\t\t\t\t\n\n\t\t\t<div class=\"sec-img\">\n\t\t\t\t\t\t\t\t\t\n\t\t\t\t <img decoding=\"async\" src=\"https:\/\/reddingtonbyjvte.com\/wp-content\/uploads\/2025\/08\/tokofraterie.jpg\" class=\"img-fluid\" alt=\"\"> \n\t\t\t\t\t\n\t\t\t<\/div>\t\t\t\t\t\n\n\t    \t\t\t\n\t\t\n\t\t\t\n        \t\t\t\t<\/div>\n\t\t\t\t<\/div>\n\t\t\t\t<\/div>\n\t\t\t\t<\/div>\n\t\t\t\t<\/div>\n\t\t\t\t\t<\/div>\n\t\t\t\t<\/div>\n\t\t<div class=\"elementor-element elementor-element-56c4a06 e-con-full e-flex e-con e-parent\" data-id=\"56c4a06\" data-element_type=\"container\" data-settings=\"{&quot;background_background&quot;:&quot;classic&quot;}\">\n\t\t<div class=\"elementor-element elementor-element-574fc17 e-con-full e-flex e-con e-child\" data-id=\"574fc17\" data-element_type=\"container\">\n\t\t<div class=\"elementor-element elementor-element-d5a9ef1 e-con-full e-flex e-con e-child\" data-id=\"d5a9ef1\" data-element_type=\"container\">\n\t\t<div class=\"elementor-element elementor-element-dffd60a e-con-full e-flex e-con e-child\" data-id=\"dffd60a\" data-element_type=\"container\">\n\t\t\t\t<div class=\"elementor-element elementor-element-878f5a2 elementor-widget elementor-widget-image-gallery\" data-id=\"878f5a2\" data-element_type=\"widget\" data-widget_type=\"image-gallery.default\">\n\t\t\t\t\t\t\t<div class=\"elementor-image-gallery\">\n\t\t\t\n\t\t<style type=\"text\/css\">\n\t\t\t#gallery-1 {\n\t\t\t\tmargin: auto;\n\t\t\t}\n\t\t\t#gallery-1 .gallery-item {\n\t\t\t\tfloat: left;\n\t\t\t\tmargin-top: 10px;\n\t\t\t\ttext-align: center;\n\t\t\t\twidth: 50%;\n\t\t\t}\n\t\t\t#gallery-1 img {\n\t\t\t\tborder: 2px solid #cfcfcf;\n\t\t\t}\n\t\t\t#gallery-1 .gallery-caption {\n\t\t\t\tmargin-left: 0;\n\t\t\t}\n\t\t\t\/* see gallery_shortcode() in wp-includes\/media.php *\/\n\t\t<\/style>\n\t\t<div id='gallery-1' class='gallery galleryid-714 gallery-columns-2 gallery-size-large'><dl class='gallery-item'>\n\t\t\t<dt class='gallery-icon landscape'>\n\t\t\t\t<a data-elementor-open-lightbox=\"yes\" data-elementor-lightbox-slideshow=\"878f5a2\" data-elementor-lightbox-title=\"bonanjo quartier\" data-e-action-hash=\"#elementor-action%3Aaction%3Dlightbox%26settings%3DeyJpZCI6MjM5MiwidXJsIjoiaHR0cHM6XC9cL3JlZGRpbmd0b25ieWp2dGUuY29tXC93cC1jb250ZW50XC91cGxvYWRzXC8yMDI1XC8wOFwvYm9uYW5qby1xdWFydGllci5qcGciLCJzbGlkZXNob3ciOiI4NzhmNWEyIn0%3D\" href='https:\/\/reddingtonbyjvte.com\/wp-content\/uploads\/2025\/08\/bonanjo-quartier.jpg'><img fetchpriority=\"high\" decoding=\"async\" width=\"900\" height=\"574\" src=\"https:\/\/reddingtonbyjvte.com\/wp-content\/uploads\/2025\/08\/bonanjo-quartier.jpg\" class=\"attachment-large size-large\" alt=\"\" srcset=\"https:\/\/reddingtonbyjvte.com\/wp-content\/uploads\/2025\/08\/bonanjo-quartier.jpg 960w, https:\/\/reddingtonbyjvte.com\/wp-content\/uploads\/2025\/08\/bonanjo-quartier-300x191.jpg 300w, https:\/\/reddingtonbyjvte.com\/wp-content\/uploads\/2025\/08\/bonanjo-quartier-768x490.jpg 768w\" sizes=\"(max-width: 900px) 100vw, 900px\" \/><\/a>\n\t\t\t<\/dt><\/dl><dl class='gallery-item'>\n\t\t\t<dt class='gallery-icon landscape'>\n\t\t\t\t<a data-elementor-open-lightbox=\"yes\" data-elementor-lightbox-slideshow=\"878f5a2\" data-elementor-lightbox-title=\"Aeroport-de-douala\" data-e-action-hash=\"#elementor-action%3Aaction%3Dlightbox%26settings%3DeyJpZCI6MjM5MywidXJsIjoiaHR0cHM6XC9cL3JlZGRpbmd0b25ieWp2dGUuY29tXC93cC1jb250ZW50XC91cGxvYWRzXC8yMDI1XC8wOFwvQWVyb3BvcnQtZGUtZG91YWxhLmpwZyIsInNsaWRlc2hvdyI6Ijg3OGY1YTIifQ%3D%3D\" href='https:\/\/reddingtonbyjvte.com\/wp-content\/uploads\/2025\/08\/Aeroport-de-douala.jpg'><img decoding=\"async\" width=\"500\" height=\"375\" src=\"https:\/\/reddingtonbyjvte.com\/wp-content\/uploads\/2025\/08\/Aeroport-de-douala.jpg\" class=\"attachment-large size-large\" alt=\"\" srcset=\"https:\/\/reddingtonbyjvte.com\/wp-content\/uploads\/2025\/08\/Aeroport-de-douala.jpg 500w, https:\/\/reddingtonbyjvte.com\/wp-content\/uploads\/2025\/08\/Aeroport-de-douala-300x225.jpg 300w\" sizes=\"(max-width: 500px) 100vw, 500px\" \/><\/a>\n\t\t\t<\/dt><\/dl><br style=\"clear: both\" \/><dl class='gallery-item'>\n\t\t\t<dt class='gallery-icon landscape'>\n\t\t\t\t<a data-elementor-open-lightbox=\"yes\" data-elementor-lightbox-slideshow=\"878f5a2\" data-elementor-lightbox-title=\"grandmalldouala\" data-e-action-hash=\"#elementor-action%3Aaction%3Dlightbox%26settings%3DeyJpZCI6MjM5MSwidXJsIjoiaHR0cHM6XC9cL3JlZGRpbmd0b25ieWp2dGUuY29tXC93cC1jb250ZW50XC91cGxvYWRzXC8yMDI1XC8wOFwvZ3JhbmRtYWxsZG91YWxhLXNjYWxlZC5qcGciLCJzbGlkZXNob3ciOiI4NzhmNWEyIn0%3D\" href='https:\/\/reddingtonbyjvte.com\/wp-content\/uploads\/2025\/08\/grandmalldouala-scaled.jpg'><img decoding=\"async\" width=\"900\" height=\"506\" src=\"https:\/\/reddingtonbyjvte.com\/wp-content\/uploads\/2025\/08\/grandmalldouala-1024x576.jpg\" class=\"attachment-large size-large\" alt=\"\" srcset=\"https:\/\/reddingtonbyjvte.com\/wp-content\/uploads\/2025\/08\/grandmalldouala-1024x576.jpg 1024w, https:\/\/reddingtonbyjvte.com\/wp-content\/uploads\/2025\/08\/grandmalldouala-300x169.jpg 300w, https:\/\/reddingtonbyjvte.com\/wp-content\/uploads\/2025\/08\/grandmalldouala-768x432.jpg 768w, https:\/\/reddingtonbyjvte.com\/wp-content\/uploads\/2025\/08\/grandmalldouala-1536x864.jpg 1536w, https:\/\/reddingtonbyjvte.com\/wp-content\/uploads\/2025\/08\/grandmalldouala-2048x1152.jpg 2048w\" sizes=\"(max-width: 900px) 100vw, 900px\" \/><\/a>\n\t\t\t<\/dt><\/dl>\n\t\t\t<br style='clear: both' \/>\n\t\t<\/div>\n\t\t<\/div>\n\t\t\t\t\t\t<\/div>\n\t\t\t\t<\/div>\n\t\t<div class=\"elementor-element elementor-element-72d14ac e-con-full e-flex e-con e-child\" data-id=\"72d14ac\" data-element_type=\"container\">\n\t\t\t\t<div class=\"elementor-element elementor-element-c6e0521 elementor-widget elementor-widget-patara-title\" data-id=\"c6e0521\" data-element_type=\"widget\" data-widget_type=\"patara-title.default\">\n\t\t\t\t<div class=\"elementor-widget-container\">\n\t\t\t\t\t\t\t\n\t\t\n\t\t\t\t\t\t\t\n\t\t\t<h4 class=\"section-title black text-left\">A strategic location<\/h4>\t\t\t\t\n\t\t\t\n        \n\t\t\t\n        \t\t\t\t<\/div>\n\t\t\t\t<\/div>\n\t\t\t\t<div class=\"elementor-element elementor-element-fd402cb elementor-widget elementor-widget-patara-text\" data-id=\"fd402cb\" data-element_type=\"widget\" data-widget_type=\"patara-text.default\">\n\t\t\t\t<div class=\"elementor-widget-container\">\n\t\t\t\t\t\t\t\n\t\t<div class=\"section-text text-left black\"><p data-start=\"231\" data-end=\"435\">Located just a few minutes from Douala international airport, <strong data-start=\"295\" data-end=\"317\">Reddington by JVTE<\/strong> enjoys a rare location:<br data-start=\"353\" data-end=\"356\" \/>between urban convenience, immediate accessibility and residential tranquility.<\/p><p data-start=\"437\" data-end=\"694\">Located <strong data-start=\"446\" data-end=\"475\">opposite Douala Grand Mall<\/strong>in the immediate vicinity of neighborhoods <strong data-start=\"511\" data-end=\"522\">Bonanjo<\/strong> and <strong data-start=\"526\" data-end=\"536\">Bonapriso<\/strong>The Reddington is perfectly connected to the city's business centers, major corporations, embassies and the most sought-after places to live.<\/p><p data-start=\"696\" data-end=\"781\">But beyond geography, what sets Reddington apart is <strong data-start=\"762\" data-end=\"780\">its atmosphere<\/strong>.<\/p><p data-start=\"783\" data-end=\"1112\">The building was designed to <strong data-start=\"812\" data-end=\"850\">an exclusive and serene setting<\/strong>away from the hustle and bustle of the outside world.<br data-start=\"887\" data-end=\"890\" \/>A discreet entrance, 24-hour security, a soothing atmosphere...<br data-start=\"968\" data-end=\"971\" \/>Everything here is designed to ensure that <strong data-start=\"999\" data-end=\"1112\">you can concentrate on what's essential: living life to the full, working in peace, or simply enjoying yourself.<\/strong><\/p><p data-start=\"1114\" data-end=\"1254\">This is an address for those who travel frequently, invest their time wisely, and make no compromises on standing.<\/p><\/div>\n\t\t\n\t\t\t\n        \t\t\t\t<\/div>\n\t\t\t\t<\/div>\n\t\t\t\t<\/div>\n\t\t\t\t<\/div>\n\t\t\t\t<\/div>\n\t\t\t\t<\/div>\n\t\t<div class=\"elementor-element elementor-element-ef20620 e-flex e-con-boxed e-con e-parent\" data-id=\"ef20620\" data-element_type=\"container\">\n\t\t\t\t\t<div class=\"e-con-inner\">\n\t\t\t\t<div class=\"elementor-element elementor-element-23732666 elementor-widget elementor-widget-patara-title\" data-id=\"23732666\" data-element_type=\"widget\" data-widget_type=\"patara-title.default\">\n\t\t\t\t<div class=\"elementor-widget-container\">\n\t\t\t\t\t\t\t\n\t\t\n\t\t\t\t\t\t\t\n\t\t\t<h4 class=\"section-title black text-center\">A look back at the Reddington by JVTE inauguration.<\/h4>\t\t\t\t\n\t\t\t\n        \n\t\t\t\n        \t\t\t\t<\/div>\n\t\t\t\t<\/div>\n\t\t\t\t<div class=\"elementor-element elementor-element-5397c2e elementor-widget elementor-widget-video\" data-id=\"5397c2e\" data-element_type=\"widget\" data-settings=\"{&quot;video_type&quot;:&quot;hosted&quot;,&quot;controls&quot;:&quot;yes&quot;}\" data-widget_type=\"video.default\">\n\t\t\t\t\t\t\t<div class=\"e-hosted-video elementor-wrapper elementor-open-inline\">\n\t\t\t\t\t<video class=\"elementor-video\" src=\"https:\/\/reddingtonbyjvte.com\/wp-content\/uploads\/2025\/08\/presentation-reddingtonbyjvte.mp4\" controls=\"\" preload=\"metadata\" controlslist=\"nodownload\" poster=\"https:\/\/reddingtonbyjvte.com\/wp-content\/uploads\/2025\/08\/Capture-decran-2025-08-07-a-01.22.10.png\"><\/video>\n\t\t\t\t<\/div>\n\t\t\t\t\t\t<\/div>\n\t\t\t\t\t<\/div>\n\t\t\t\t<\/div>\n\t\t<div class=\"elementor-element elementor-element-83848ce e-con-full e-flex e-con e-parent\" data-id=\"83848ce\" data-element_type=\"container\">\n\t\t<div class=\"elementor-element elementor-element-693c29e e-flex e-con-boxed e-con e-child\" data-id=\"693c29e\" data-element_type=\"container\" data-settings=\"{&quot;background_background&quot;:&quot;classic&quot;}\">\n\t\t\t\t\t<div class=\"e-con-inner\">\n\t\t\t\t<div class=\"elementor-element elementor-element-b87c319 elementor-widget elementor-widget-patara-title\" data-id=\"b87c319\" data-element_type=\"widget\" data-widget_type=\"patara-title.default\">\n\t\t\t\t<div class=\"elementor-widget-container\">\n\t\t\t\t\t\t\t\n\t\t\n\t\t\t\t\t\t\t\n\t\t\t<h4 class=\"section-title white text-left\">Ready for the Reddington experience?<\/h4>\t\t\t\t\n\t\t\t<div class=\"section-text text-left white\"><p><p>Book now, see availability :<\/p><\/p><\/div>\n        \n\t\t\t\n        \t\t\t\t<\/div>\n\t\t\t\t<\/div>\n\t\t\t\t<div class=\"elementor-element elementor-element-9255008 elementor-widget elementor-widget-patara-room-search\" data-id=\"9255008\" data-element_type=\"widget\" data-widget_type=\"patara-room-search.default\">\n\t\t\t\t<div class=\"elementor-widget-container\">\n\t\t\t\t\t\t\t\n\t\t\t<div class=\"booking-inner clearfix\">\n    <form action=\"https:\/\/reddingtonbyjvte.com\/en\/\" class=\"form1 clearfix\" data-trp-original-action=\"https:\/\/reddingtonbyjvte.com\/en\/\">\n        <div class=\"col1 c1\">\n\t\t\t<input type=\"hidden\" name=\"s\" value=\"\" \/>\n            <div class=\"input1_wrapper border-l border-b border-t border-r\">\n                <label>Check In<\/label>\n                <div class=\"input1_inner\">\n                    <input name=\"room_checkin_ids\" type=\"text\" class=\"form-control input datepicker\" placeholder=\"Check In\" autocomplete=\"off\" data-rn-cl-months='[\"January\",\"February\",\"March\",\"April\",\"May\", \"June\",\"July\",\"August\",\"September\",\"October\",\"November\",\"December\"]' data-rn-cl-date='[\"Su\",\"Mo\",\"Tu\",\"We\",\"Th\",\"Fr\",\"Sa\"]' data-rn-start-date=\"1\">\n                <\/div>\n            <\/div>\n        <\/div>\n        <div class=\"col1 c2\">\n            <div class=\"input1_wrapper border-l border-b border-t border-r\">\n                <label>Check out<\/label>\n                    <div class=\"input1_inner\">\n                        <input name=\"room_checkout_ids\" type=\"text\" class=\"form-control input datepicker\" placeholder=\"Check out\" autocomplete=\"off\" data-rn-cl-months='[\"January\",\"February\",\"March\",\"April\",\"May\", \"June\",\"July\",\"August\",\"September\",\"October\",\"November\",\"December\"]' data-rn-cl-date='[\"Su\",\"Mo\",\"Tu\",\"We\",\"Th\",\"Fr\",\"Sa\"]' data-rn-start-date=\"1\">\n                    <\/div>\n            <\/div>\n        <\/div>\t\t        <div class=\"col2 c3\">\n            <div class=\"select1_wrapper border-l border-b border-t border-r\">\n                <label>Adult<\/label>\n                <div class=\"select1_inner\">\n                    <select name=\"room_adult_ids\" class=\"select2 select\" style=\"width: 100%\" >\n                        <option value=\"0\">Adult<\/option>\n                        \t\t\t\t\t\t<option value=\"30\">1 Adult<\/option>\n\t\t\t\t\t\t\t\t\t\t\t\t<option value=\"33\">2 Adults<\/option>\n\t\t\t\t\t\t\t\t\t\t\t\t<option value=\"36\">3 Adults<\/option>\n\t\t\t\t\t\t\t\t\t\t\t\t<option value=\"39\">4 Adults<\/option>\n\t\t\t\t\t\t                    <\/select>\n                <\/div>\n            <\/div>\n        <\/div>\n\t\t\t\t        <div class=\"col2 c4\">\n            <div class=\"select1_wrapper border-l border-b border-t  border-r\">\n                <label>Children<\/label>\n                <div class=\"select1_inner\">\n                    <select name=\"room_children_ids\" class=\"select2 select\" style=\"width: 100%\" >\n                        <option value=\"0\">Children<\/option>\n                        \t\t\t\t\t\t<option value=\"31\">1 enfant<\/option>\n\t\t\t\t\t\t\t\t\t\t\t\t<option value=\"34\">2 Childrens<\/option>\n\t\t\t\t\t\t\t\t\t\t\t\t<option value=\"37\">3 Children<\/option>\n\t\t\t\t\t\t\t\t\t\t\t\t<option value=\"40\">4 Children<\/option>\n\t\t\t\t\t\t                    <\/select>\n                <\/div>\n            <\/div>\n        <\/div>\n\t\t\t\t        <div class=\"col2 c5\">\n            <div class=\"select1_wrapper border-l border-b border-t  border-r\">\n                <label>Room<\/label>\n                <div class=\"select1_inner\">\n                    <select class=\"select2 select\" style=\"width: 100%\" >\n                        <option value=\"0\">Room<\/option>\n                        \t\t\t\t\t\t<option value=\"32\">1 Room<\/option>\n\t\t\t\t\t\t\t\t\t\t\t\t<option value=\"35\">2 Rooms<\/option>\n\t\t\t\t\t\t\t\t\t\t\t\t<option value=\"38\">3 Rooms<\/option>\n\t\t\t\t\t\t\t\t\t\t\t\t<option value=\"41\">4 Rooms<\/option>\n\t\t\t\t\t\t                    <\/select>\n                <\/div>\n            <\/div>\n        <\/div>\n\t\t        <div class=\"col3 c6\">\n            <input type=\"hidden\" name=\"post_type\" value=\"product\" \/>\n            <button type=\"submit\" class=\"btn-form1-submit\">Check Now<\/button>\n        <\/div>\n    <input type=\"hidden\" name=\"trp-form-language\" value=\"en\"\/><\/form>\n<\/div>\n\t\t\n    \t\t\t\t<\/div>\n\t\t\t\t<\/div>\n\t\t\t\t\t<\/div>\n\t\t\t\t<\/div>\n\t\t\t\t<\/div>\n\t\t\t\t<\/div>","protected":false},"excerpt":{"rendered":"<p>LE REDDINGTON BY JVTE Un projet de c\u0153ur, un h\u00e9ritage de famille. Ce lieu n\u2019est pas un simple immeuble commercial.C\u2019est le fruit d\u2019une vision, d\u2019un r\u00eave\u2026 et d\u2019un devoir de m\u00e9moire. Imagin\u00e9 et port\u00e9 par Karl Toko Ekambi avec sa famille, le Reddington est n\u00e9 d\u2019un d\u00e9sir profond :honorer la parole d\u2019un p\u00e8re et offrir au Cameroun un lieu \u00e0<\/p>","protected":false},"author":1,"featured_media":0,"parent":0,"menu_order":0,"comment_status":"closed","ping_status":"closed","template":"","meta":{"footnotes":"","_links_to":"","_links_to_target":""},"class_list":["post-714","page","type-page","status-publish","hentry"],"_links":{"self":[{"href":"https:\/\/reddingtonbyjvte.com\/en\/wp-json\/wp\/v2\/pages\/714","targetHints":{"allow":["GET"]}}],"collection":[{"href":"https:\/\/reddingtonbyjvte.com\/en\/wp-json\/wp\/v2\/pages"}],"about":[{"href":"https:\/\/reddingtonbyjvte.com\/en\/wp-json\/wp\/v2\/types\/page"}],"author":[{"embeddable":true,"href":"https:\/\/reddingtonbyjvte.com\/en\/wp-json\/wp\/v2\/users\/1"}],"replies":[{"embeddable":true,"href":"https:\/\/reddingtonbyjvte.com\/en\/wp-json\/wp\/v2\/comments?post=714"}],"version-history":[{"count":38,"href":"https:\/\/reddingtonbyjvte.com\/en\/wp-json\/wp\/v2\/pages\/714\/revisions"}],"predecessor-version":[{"id":3121,"href":"https:\/\/reddingtonbyjvte.com\/en\/wp-json\/wp\/v2\/pages\/714\/revisions\/3121"}],"wp:attachment":[{"href":"https:\/\/reddingtonbyjvte.com\/en\/wp-json\/wp\/v2\/media?parent=714"}],"curies":[{"name":"wp","href":"https:\/\/api.w.org\/{rel}","templated":true}]}}